{"id":88,"date":"2012-03-23T18:39:24","date_gmt":"2012-03-23T18:39:24","guid":{"rendered":"http:\/\/recmin.com\/WP\/?page_id=88"},"modified":"2012-04-05T22:53:24","modified_gmt":"2012-04-05T22:53:24","slug":"informacion","status":"publish","type":"page","link":"https:\/\/recmin.com\/WP\/?page_id=88","title":{"rendered":"Informaci\u00f3n"},"content":{"rendered":"<p>RecMin (Recursos Mineros) es un paquete completo de programas, la mayor\u00eda freewere, dise\u00f1ados para gestionar proyectos de Investigaci\u00f3n y Explotaci\u00f3n de recursos minerales.<\/p>\n<p>Dise\u00f1ado y programado por C\u00e9sar Casta\u00f1\u00f3n Fern\u00e1ndez, es el fruto de m\u00e1s de 20 a\u00f1os de trabajo con empresas de Investigaci\u00f3n y Explotaci\u00f3n de Recursos Minerales, junto con la importante\u00a0aportaci\u00f3n\u00a0de muchos Ge\u00f3logos e Ingenieros.<\/p>\n<p>Con este nuevo formato de su p\u00e1gina web se pretende tener m\u00e1s actualizadas las distintas versiones del programa, a\u00f1adir noticias cada vez que se introduzcan nuevas\u00a0herramientas\u00a0 y permitir a los usuarios que puedan comentar y preguntar\u00a0tambi\u00e9n\u00a0a\u00a0trav\u00e9s\u00a0del blog.<\/p>\n<p>Dado el gran incremento de usuarios del \u00faltimo a\u00f1o, se quiere\u00a0tambi\u00e9n, en esta nueva etapa, introducir cursos de aprendizaje online; en la actualidad se dan cursos del programa RecMin en varios paises, tanto online como presenciales.<\/p>\n<p>Cualquier duda, comentario o propuesta de mejora se puede preguntar o enviar via email a <a title=\"m&#97;&#105;&#x6c;&#x74;&#x6f;&#x3a;i&#110;&#102;&#111;&#x40;&#x72;&#x65;cm&#105;&#110;&#x2e;&#x63;&#x6f;m\" href=\"&#109;&#x61;&#105;&#x6c;&#116;&#x6f;:&#x69;n&#x66;o&#64;&#x72;&#101;&#x63;&#109;&#x69;&#110;&#x2e;c&#x6f;m\" target=\"_blank\">in&#102;&#111;&#64;&#114;&#x65;&#x63;&#x6d;&#x69;&#x6e;&#46;c&#111;&#109;<\/a>\u00a0o bien a traves de este blog.<\/p>\n<p>Si quieres estas actualizado y recibir informaci\u00f3n cuando existan novedades importantes\u00a0<a href=\"https:\/\/recmin.com\/WP\/wp-login.php?action=register\">reg\u00edstrarte<\/a>, solo tienes que introducir el email.<\/p>\n","protected":false},"excerpt":{"rendered":"<p>RecMin (Recursos Mineros) es un paquete completo de programas, la mayor\u00eda freewere, dise\u00f1ados para gestionar proyectos de Investigaci\u00f3n y Explotaci\u00f3n de recursos minerales. Dise\u00f1ado y programado por C\u00e9sar Casta\u00f1\u00f3n Fern\u00e1ndez, es el fruto de m\u00e1s de 20 a\u00f1os de trabajo <a class=\"more-link\" href=\"https:\/\/recmin.com\/WP\/?page_id=88\">Read More &#8230;<\/a><\/p>\n","protected":false},"author":1,"featured_media":0,"parent":0,"menu_order":0,"comment_status":"open","ping_status":"open","template":"onecolumn-page.php","meta":{"_bbp_topic_count":0,"_bbp_reply_count":0,"_bbp_total_topic_count":0,"_bbp_total_reply_count":0,"_bbp_voice_count":0,"_bbp_anonymous_reply_count":0,"_bbp_topic_count_hidden":0,"_bbp_reply_count_hidden":0,"_bbp_forum_subforum_count":0,"footnotes":""},"class_list":["post-88","page","type-page","status-publish","hentry"],"jetpack_sharing_enabled":true,"_links":{"self":[{"href":"https:\/\/recmin.com\/WP\/index.php?rest_route=\/wp\/v2\/pages\/88","targetHints":{"allow":["GET"]}}],"collection":[{"href":"https:\/\/recmin.com\/WP\/index.php?rest_route=\/wp\/v2\/pages"}],"about":[{"href":"https:\/\/recmin.com\/WP\/index.php?rest_route=\/wp\/v2\/types\/page"}],"author":[{"embeddable":true,"href":"https:\/\/recmin.com\/WP\/index.php?rest_route=\/wp\/v2\/users\/1"}],"replies":[{"embeddable":true,"href":"https:\/\/recmin.com\/WP\/index.php?rest_route=%2Fwp%2Fv2%2Fcomments&post=88"}],"version-history":[{"count":16,"href":"https:\/\/recmin.com\/WP\/index.php?rest_route=\/wp\/v2\/pages\/88\/revisions"}],"predecessor-version":[{"id":90,"href":"https:\/\/recmin.com\/WP\/index.php?rest_route=\/wp\/v2\/pages\/88\/revisions\/90"}],"wp:attachment":[{"href":"https:\/\/recmin.com\/WP\/index.php?rest_route=%2Fwp%2Fv2%2Fmedia&parent=88"}],"curies":[{"name":"wp","href":"https:\/\/api.w.org\/{rel}","templated":true}]}}