{"id":878,"date":"2013-04-09T01:52:11","date_gmt":"2013-04-09T01:52:11","guid":{"rendered":"http:\/\/recmin.com\/WP\/?page_id=878"},"modified":"2023-11-07T10:54:02","modified_gmt":"2023-11-07T10:54:02","slug":"app-recmin-grade-control-para-android","status":"publish","type":"page","link":"https:\/\/recmin.com\/WP\/?page_id=878","title":{"rendered":"RecMin GC Android"},"content":{"rendered":"\n<p><\/p>\n\n\n<p><a href=\"https:\/\/recmin.com\/WP\/wp-content\/uploads\/2022\/01\/Screenshot_20220111-022535.jpg\"><img loading=\"lazy\" decoding=\"async\" class=\"alignleft wp-image-3398 size-medium\" title=\"RecMin_GC\" src=\"https:\/\/recmin.com\/WP\/wp-content\/uploads\/2022\/01\/Screenshot_20220111-022535-135x300.jpg\" alt=\"\" width=\"135\" height=\"300\" srcset=\"https:\/\/recmin.com\/WP\/wp-content\/uploads\/2022\/01\/Screenshot_20220111-022535-135x300.jpg 135w, https:\/\/recmin.com\/WP\/wp-content\/uploads\/2022\/01\/Screenshot_20220111-022535-461x1024.jpg 461w, https:\/\/recmin.com\/WP\/wp-content\/uploads\/2022\/01\/Screenshot_20220111-022535-768x1707.jpg 768w, https:\/\/recmin.com\/WP\/wp-content\/uploads\/2022\/01\/Screenshot_20220111-022535-691x1536.jpg 691w, https:\/\/recmin.com\/WP\/wp-content\/uploads\/2022\/01\/Screenshot_20220111-022535-922x2048.jpg 922w, https:\/\/recmin.com\/WP\/wp-content\/uploads\/2022\/01\/Screenshot_20220111-022535-600x1333.jpg 600w, https:\/\/recmin.com\/WP\/wp-content\/uploads\/2022\/01\/Screenshot_20220111-022535.jpg 1080w\" sizes=\"auto, (max-width: 135px) 100vw, 135px\" \/><\/a>Nueva versi\u00f3n de enero de 2022 de RecMin GC para smartphone y tablets para introducir informaci\u00f3n geol\u00f3gica de los sondeos de control de leyes.<\/p>\n<p>Est\u00e1 dise\u00f1ada para tablets y smartphones Android.<\/p>\n<p>El objetivo es poder\u00a0meter en el campo el nombre corto de la litolog\u00eda de una forma\u00a0f\u00e1cil\u00a0y r\u00e1pida para luego introducirla en la base de datos de sondeos y poder utilizar esa\u00a0informaci\u00f3n\u00a0para filtrar zonas de\u00a0interpolaci\u00f3n en el proceso de control de leyes.<\/p>\n<p>Tambi\u00e9n es aplicable a descripci\u00f3n r\u00e1pida de sondeos o intervalos muestreados.<\/p>\n<p><strong>Para instalar la aplicaci\u00f3n se deben de seguir los siguientes pasos:<\/strong><\/p>\n<p>Descargar el fichero de instalaci\u00f3n RecMin_GC.apk en el enlace siguiente.<\/p>\n<p>Viene en formato comprimido ZIP, hay que descomprimirlo y pasarlo al dispositivo o bien descargarlo directamente en el dispositivo y descomprimirlo en el.<\/p>\n<p>Configurar el Android para que permita instalar aplicaciones de terceros, para ello, dependiendo de la\u00a0versi\u00f3n\u00a0de Android que tengas, en Ajustes, bien en Aplicaciones o en Seguridad activa Fuentes desconocidas para permitir la\u00a0instalaci\u00f3n\u00a0de aplicaciones no en Play Store.<\/p>\n<p><a href=\"https:\/\/recmin.com\/WP\/wp-content\/uploads\/2022\/01\/M_55.png\"><img loading=\"lazy\" decoding=\"async\" class=\"alignleft wp-image-3399 size-full\" title=\"rmyac\" src=\"https:\/\/recmin.com\/WP\/wp-content\/uploads\/2022\/01\/M_55.png\" alt=\"\" width=\"55\" height=\"55\" \/><\/a><a href=\"https:\/\/recmin.com\/download\/RecMin_GC.zip\">Descargar aplicaci\u00f3n \u00abRecMin GC\u00bb para tablets y smartphones Android (Descargarla directamente desde la tablet o smartphone)<\/a><\/p>\n<p><strong>Caracter\u00edsticas:<\/strong><\/p>\n<p>Las leyendas litol\u00f3gicas se importan a partir de un fichero CSV con el formato de una sola columna con los nombres de las litologias cortas que se quieren utilizar y sin cabecera.<\/p>\n<p>En el caso de tener varias columnas, el separador ser\u00eda el ; pero el programa solo importar\u00eda la primera columna.<\/p>\n<p>La forma m\u00e1s facil es enviarse por email o compartir el fichero o ficheros csv y descargarlos en el dispositivo.<\/p>\n<p>Se pueden utilizar varias leyendas y cambiar entre ellas importando la que se quiera utilizar en ese momento.<\/p>\n<p>Se pueden a\u00f1adir nuevos sondeos con lector de c\u00f3digo de barras o QR.<\/p>\n<p>Si se a\u00f1aden sondeos directamente le da por defecto un nombre que ser\u00e1 el del sondeo anterior sumandole uno al n\u00famero final.<\/p>\n<p>Por defecto utiliza como tama\u00f1o de muestra la ultima introducida, aunque esta se muede modificar a continuaci\u00f3n.<\/p>\n<p>Para seleccionar la litolog\u00eda pinchar dos veces en la casilla correspondiente para ver la leyenda y selecionarla pinchando tambi\u00e9n dos veces.<\/p>\n<p>La informaci\u00f3n generada se puede compartir y env\u00eda como fichero csv adjunto por email, WhatsApp u otro medio que tengas en tu dispositivo.<\/p>\n<p>Opciones:<\/p>\n<p><a href=\"https:\/\/recmin.com\/WP\/wp-content\/uploads\/2022\/01\/new1.png\"><img loading=\"lazy\" decoding=\"async\" class=\"alignleft wp-image-3400 \" title=\"rmyac\" src=\"https:\/\/recmin.com\/WP\/wp-content\/uploads\/2022\/01\/new1.png\" alt=\"\" width=\"50\" height=\"50\" srcset=\"https:\/\/recmin.com\/WP\/wp-content\/uploads\/2022\/01\/new1.png 110w, https:\/\/recmin.com\/WP\/wp-content\/uploads\/2022\/01\/new1-100x100.png 100w\" sizes=\"auto, (max-width: 50px) 100vw, 50px\" \/><\/a><\/p>\n<p>Nuevo sondeo<\/p>\n<p>\u00a0<\/p>\n<p><a href=\"https:\/\/recmin.com\/WP\/wp-content\/uploads\/2022\/01\/new2.png\"><img loading=\"lazy\" decoding=\"async\" class=\"alignleft wp-image-3401 \" title=\"rmyac\" src=\"https:\/\/recmin.com\/WP\/wp-content\/uploads\/2022\/01\/new2.png\" alt=\"\" width=\"50\" height=\"50\" srcset=\"https:\/\/recmin.com\/WP\/wp-content\/uploads\/2022\/01\/new2.png 110w, https:\/\/recmin.com\/WP\/wp-content\/uploads\/2022\/01\/new2-100x100.png 100w\" sizes=\"auto, (max-width: 50px) 100vw, 50px\" \/><\/a><\/p>\n<p>Escaneo del nombre del nuevo sondeo<\/p>\n<p>\u00a0<\/p>\n<p><a href=\"https:\/\/recmin.com\/WP\/wp-content\/uploads\/2022\/01\/save.png\"><img loading=\"lazy\" decoding=\"async\" class=\"alignleft wp-image-3402\" title=\"rmyac\" src=\"https:\/\/recmin.com\/WP\/wp-content\/uploads\/2022\/01\/save.png\" alt=\"\" width=\"50\" height=\"50\" srcset=\"https:\/\/recmin.com\/WP\/wp-content\/uploads\/2022\/01\/save.png 110w, https:\/\/recmin.com\/WP\/wp-content\/uploads\/2022\/01\/save-100x100.png 100w\" sizes=\"auto, (max-width: 50px) 100vw, 50px\" \/><\/a><\/p>\n<p>Guardar datos<\/p>\n<p>\u00a0<\/p>\n<p><a href=\"https:\/\/recmin.com\/WP\/wp-content\/uploads\/2022\/01\/compartir.png\"><img loading=\"lazy\" decoding=\"async\" class=\"alignleft wp-image-3403 \" title=\"rmyac\" src=\"https:\/\/recmin.com\/WP\/wp-content\/uploads\/2022\/01\/compartir.png\" alt=\"\" width=\"50\" height=\"50\" srcset=\"https:\/\/recmin.com\/WP\/wp-content\/uploads\/2022\/01\/compartir.png 110w, https:\/\/recmin.com\/WP\/wp-content\/uploads\/2022\/01\/compartir-100x100.png 100w\" sizes=\"auto, (max-width: 50px) 100vw, 50px\" \/><\/a><\/p>\n<p>Compartir datos<\/p>\n<p>\u00a0<\/p>\n<p><a href=\"https:\/\/recmin.com\/WP\/wp-content\/uploads\/2022\/01\/mas.png\"><img loading=\"lazy\" decoding=\"async\" class=\"alignleft wp-image-3404 \" title=\"rmyac\" src=\"https:\/\/recmin.com\/WP\/wp-content\/uploads\/2022\/01\/mas.png\" alt=\"\" width=\"50\" height=\"50\" srcset=\"https:\/\/recmin.com\/WP\/wp-content\/uploads\/2022\/01\/mas.png 184w, https:\/\/recmin.com\/WP\/wp-content\/uploads\/2022\/01\/mas-150x150.png 150w, https:\/\/recmin.com\/WP\/wp-content\/uploads\/2022\/01\/mas-100x100.png 100w\" sizes=\"auto, (max-width: 50px) 100vw, 50px\" \/><\/a><\/p>\n<p>A\u00f1adir nueva muestra del sondeo actual<\/p>\n<p>\u00a0<\/p>\n<p><a href=\"https:\/\/recmin.com\/WP\/wp-content\/uploads\/2022\/01\/menos.png\"><img loading=\"lazy\" decoding=\"async\" class=\"alignleft wp-image-3405 \" title=\"rmyac\" src=\"https:\/\/recmin.com\/WP\/wp-content\/uploads\/2022\/01\/menos.png\" alt=\"\" width=\"50\" height=\"50\" srcset=\"https:\/\/recmin.com\/WP\/wp-content\/uploads\/2022\/01\/menos.png 184w, https:\/\/recmin.com\/WP\/wp-content\/uploads\/2022\/01\/menos-150x150.png 150w, https:\/\/recmin.com\/WP\/wp-content\/uploads\/2022\/01\/menos-100x100.png 100w\" sizes=\"auto, (max-width: 50px) 100vw, 50px\" \/><\/a><\/p>\n<p>Borra la muestra seleccionada<\/p>\n<p>\u00a0<\/p>\n<p>Men\u00fa general:<\/p>\n<p><a href=\"https:\/\/recmin.com\/WP\/wp-content\/uploads\/2022\/01\/menu.png\"><img loading=\"lazy\" decoding=\"async\" class=\"alignleft wp-image-3406 size-medium\" title=\"rmyac\" src=\"https:\/\/recmin.com\/WP\/wp-content\/uploads\/2022\/01\/menu-300x219.png\" alt=\"\" width=\"300\" height=\"219\" srcset=\"https:\/\/recmin.com\/WP\/wp-content\/uploads\/2022\/01\/menu-300x219.png 300w, https:\/\/recmin.com\/WP\/wp-content\/uploads\/2022\/01\/menu-600x437.png 600w, https:\/\/recmin.com\/WP\/wp-content\/uploads\/2022\/01\/menu.png 740w\" sizes=\"auto, (max-width: 300px) 100vw, 300px\" \/><\/a><\/p>\n<p>\u00a0<\/p>","protected":false},"excerpt":{"rendered":"<p>Nueva versi\u00f3n de enero de 2022 de RecMin GC para smartphone y tablets para introducir informaci\u00f3n geol\u00f3gica de los sondeos de control de leyes. Est\u00e1 dise\u00f1ada para tablets y smartphones Android. El objetivo es poder\u00a0meter en el campo el nombre <a class=\"more-link\" href=\"https:\/\/recmin.com\/WP\/?page_id=878\">Read More &#8230;<\/a><\/p>\n","protected":false},"author":1,"featured_media":0,"parent":0,"menu_order":0,"comment_status":"open","ping_status":"open","template":"","meta":{"_bbp_topic_count":0,"_bbp_reply_count":0,"_bbp_total_topic_count":0,"_bbp_total_reply_count":0,"_bbp_voice_count":0,"_bbp_anonymous_reply_count":0,"_bbp_topic_count_hidden":0,"_bbp_reply_count_hidden":0,"_bbp_forum_subforum_count":0,"footnotes":""},"class_list":["post-878","page","type-page","status-publish","hentry"],"jetpack_sharing_enabled":true,"_links":{"self":[{"href":"https:\/\/recmin.com\/WP\/index.php?rest_route=\/wp\/v2\/pages\/878","targetHints":{"allow":["GET"]}}],"collection":[{"href":"https:\/\/recmin.com\/WP\/index.php?rest_route=\/wp\/v2\/pages"}],"about":[{"href":"https:\/\/recmin.com\/WP\/index.php?rest_route=\/wp\/v2\/types\/page"}],"author":[{"embeddable":true,"href":"https:\/\/recmin.com\/WP\/index.php?rest_route=\/wp\/v2\/users\/1"}],"replies":[{"embeddable":true,"href":"https:\/\/recmin.com\/WP\/index.php?rest_route=%2Fwp%2Fv2%2Fcomments&post=878"}],"version-history":[{"count":22,"href":"https:\/\/recmin.com\/WP\/index.php?rest_route=\/wp\/v2\/pages\/878\/revisions"}],"predecessor-version":[{"id":4160,"href":"https:\/\/recmin.com\/WP\/index.php?rest_route=\/wp\/v2\/pages\/878\/revisions\/4160"}],"wp:attachment":[{"href":"https:\/\/recmin.com\/WP\/index.php?rest_route=%2Fwp%2Fv2%2Fmedia&parent=878"}],"curies":[{"name":"wp","href":"https:\/\/api.w.org\/{rel}","templated":true}]}}