{"id":76,"date":"2012-03-23T18:13:57","date_gmt":"2012-03-23T18:13:57","guid":{"rendered":"http:\/\/recmin.com\/WP\/?page_id=76"},"modified":"2012-03-23T18:13:57","modified_gmt":"2012-03-23T18:13:57","slug":"rmedit-%c2%b7-sondeos","status":"publish","type":"page","link":"https:\/\/recmin.com\/WP\/?page_id=76","title":{"rendered":"RMedit \u00b7 Sondeos"},"content":{"rendered":"<p>RMedit es el m\u00f3dulo de edici\u00f3n de sondeos, en el cual se puede:<\/p>\n<ul>\n<li>Editar toda la informaci\u00f3n de los sondeos en lo referente a coordenadas del collar, medidas de desviaciones, litolog\u00edas, datos de an\u00e1lisis,\u00a0intersecciones\u00a0con cuerpos minerales, etc.<\/li>\n<li>Ver gr\u00e1ficos de datos de muestras.<\/li>\n<li>Calcular intersecciones\u00a0seg\u00fan\u00a0cutoff.<\/li>\n<li>Exportar informaci\u00f3n.<\/li>\n<li>Se pueden tener varias tablas de datos de litolog\u00edas y de muestras.<\/li>\n<\/ul>\n<p><a href=\"https:\/\/recmin.com\/WP\/wp-content\/uploads\/2012\/03\/rmedit.png\"><img loading=\"lazy\" decoding=\"async\" class=\"alignnone size-medium wp-image-77\" title=\"rmedit\" src=\"https:\/\/recmin.com\/WP\/wp-content\/uploads\/2012\/03\/rmedit-300x228.png\" alt=\"\" width=\"300\" height=\"228\" srcset=\"https:\/\/recmin.com\/WP\/wp-content\/uploads\/2012\/03\/rmedit-300x228.png 300w, https:\/\/recmin.com\/WP\/wp-content\/uploads\/2012\/03\/rmedit-600x457.png 600w, https:\/\/recmin.com\/WP\/wp-content\/uploads\/2012\/03\/rmedit.png 997w\" sizes=\"auto, (max-width: 300px) 100vw, 300px\" \/><\/a><\/p>\n","protected":false},"excerpt":{"rendered":"<p>RMedit es el m\u00f3dulo de edici\u00f3n de sondeos, en el cual se puede: Editar toda la informaci\u00f3n de los sondeos en lo referente a coordenadas del collar, medidas de desviaciones, litolog\u00edas, datos de an\u00e1lisis,\u00a0intersecciones\u00a0con cuerpos minerales, etc. Ver gr\u00e1ficos de <a class=\"more-link\" href=\"https:\/\/recmin.com\/WP\/?page_id=76\">Read More &#8230;<\/a><\/p>\n","protected":false},"author":1,"featured_media":0,"parent":0,"menu_order":0,"comment_status":"open","ping_status":"open","template":"","meta":{"_bbp_topic_count":0,"_bbp_reply_count":0,"_bbp_total_topic_count":0,"_bbp_total_reply_count":0,"_bbp_voice_count":0,"_bbp_anonymous_reply_count":0,"_bbp_topic_count_hidden":0,"_bbp_reply_count_hidden":0,"_bbp_forum_subforum_count":0,"footnotes":""},"class_list":["post-76","page","type-page","status-publish","hentry"],"jetpack_sharing_enabled":true,"_links":{"self":[{"href":"https:\/\/recmin.com\/WP\/index.php?rest_route=\/wp\/v2\/pages\/76","targetHints":{"allow":["GET"]}}],"collection":[{"href":"https:\/\/recmin.com\/WP\/index.php?rest_route=\/wp\/v2\/pages"}],"about":[{"href":"https:\/\/recmin.com\/WP\/index.php?rest_route=\/wp\/v2\/types\/page"}],"author":[{"embeddable":true,"href":"https:\/\/recmin.com\/WP\/index.php?rest_route=\/wp\/v2\/users\/1"}],"replies":[{"embeddable":true,"href":"https:\/\/recmin.com\/WP\/index.php?rest_route=%2Fwp%2Fv2%2Fcomments&post=76"}],"version-history":[{"count":1,"href":"https:\/\/recmin.com\/WP\/index.php?rest_route=\/wp\/v2\/pages\/76\/revisions"}],"predecessor-version":[{"id":78,"href":"https:\/\/recmin.com\/WP\/index.php?rest_route=\/wp\/v2\/pages\/76\/revisions\/78"}],"wp:attachment":[{"href":"https:\/\/recmin.com\/WP\/index.php?rest_route=%2Fwp%2Fv2%2Fmedia&parent=76"}],"curies":[{"name":"wp","href":"https:\/\/api.w.org\/{rel}","templated":true}]}}