{"id":69,"date":"2012-03-23T17:54:45","date_gmt":"2012-03-23T17:54:45","guid":{"rendered":"http:\/\/recmin.com\/WP\/?page_id=69"},"modified":"2012-03-27T11:20:25","modified_gmt":"2012-03-27T11:20:25","slug":"rmyac-%c2%b7-editor-de-yacimientos","status":"publish","type":"page","link":"https:\/\/recmin.com\/WP\/?page_id=69","title":{"rendered":"RMyac \u00b7 Editor yacimientos"},"content":{"rendered":"<p align=\"left\">RMyac es el m\u00f3dulo de edici\u00f3n de yacimientos, en el cual se puede hacer, entre otras cosas, lo siguiente:<\/p>\n<ul>\n<li>A\u00f1adir, borrar y editar yacimientos.<\/li>\n<li>A\u00f1adir, borrar y editar modelos de bloques.<\/li>\n<li>Importar y exportar modelos, ficheros DXF, etc.<\/li>\n<li>Realizar c\u00e1lculos de interpolaci\u00f3n, cono invertido, intersecciones.<\/li>\n<li>C\u00e1lculo para capas por el\u00a0m\u00e9todo\u00a0penta\u00e9drico.<\/li>\n<li>Editar los permisos de acceso.<\/li>\n<li>Se puede trabajar en red y con replicas de las bases de datos.<\/li>\n<\/ul>\n<p><a href=\"https:\/\/recmin.com\/WP\/wp-content\/uploads\/2012\/03\/rmyac.png\"><img loading=\"lazy\" decoding=\"async\" class=\"alignnone size-medium wp-image-74\" title=\"rmyac\" src=\"https:\/\/recmin.com\/WP\/wp-content\/uploads\/2012\/03\/rmyac-300x203.png\" alt=\"\" width=\"300\" height=\"203\" srcset=\"https:\/\/recmin.com\/WP\/wp-content\/uploads\/2012\/03\/rmyac-300x203.png 300w, https:\/\/recmin.com\/WP\/wp-content\/uploads\/2012\/03\/rmyac.png 490w\" sizes=\"auto, (max-width: 300px) 100vw, 300px\" \/><\/a><\/p>\n","protected":false},"excerpt":{"rendered":"<p>RMyac es el m\u00f3dulo de edici\u00f3n de yacimientos, en el cual se puede hacer, entre otras cosas, lo siguiente: A\u00f1adir, borrar y editar yacimientos. A\u00f1adir, borrar y editar modelos de bloques. Importar y exportar modelos, ficheros DXF, etc. Realizar c\u00e1lculos <a class=\"more-link\" href=\"https:\/\/recmin.com\/WP\/?page_id=69\">Read More &#8230;<\/a><\/p>\n","protected":false},"author":1,"featured_media":0,"parent":0,"menu_order":0,"comment_status":"open","ping_status":"open","template":"","meta":{"_bbp_topic_count":0,"_bbp_reply_count":0,"_bbp_total_topic_count":0,"_bbp_total_reply_count":0,"_bbp_voice_count":0,"_bbp_anonymous_reply_count":0,"_bbp_topic_count_hidden":0,"_bbp_reply_count_hidden":0,"_bbp_forum_subforum_count":0,"footnotes":""},"class_list":["post-69","page","type-page","status-publish","hentry"],"jetpack_sharing_enabled":true,"_links":{"self":[{"href":"https:\/\/recmin.com\/WP\/index.php?rest_route=\/wp\/v2\/pages\/69","targetHints":{"allow":["GET"]}}],"collection":[{"href":"https:\/\/recmin.com\/WP\/index.php?rest_route=\/wp\/v2\/pages"}],"about":[{"href":"https:\/\/recmin.com\/WP\/index.php?rest_route=\/wp\/v2\/types\/page"}],"author":[{"embeddable":true,"href":"https:\/\/recmin.com\/WP\/index.php?rest_route=\/wp\/v2\/users\/1"}],"replies":[{"embeddable":true,"href":"https:\/\/recmin.com\/WP\/index.php?rest_route=%2Fwp%2Fv2%2Fcomments&post=69"}],"version-history":[{"count":7,"href":"https:\/\/recmin.com\/WP\/index.php?rest_route=\/wp\/v2\/pages\/69\/revisions"}],"predecessor-version":[{"id":225,"href":"https:\/\/recmin.com\/WP\/index.php?rest_route=\/wp\/v2\/pages\/69\/revisions\/225"}],"wp:attachment":[{"href":"https:\/\/recmin.com\/WP\/index.php?rest_route=%2Fwp%2Fv2%2Fmedia&parent=69"}],"curies":[{"name":"wp","href":"https:\/\/api.w.org\/{rel}","templated":true}]}}