{"id":678,"date":"2012-08-23T22:35:15","date_gmt":"2012-08-23T22:35:15","guid":{"rendered":"http:\/\/recmin.com\/WP\/?page_id=678"},"modified":"2018-04-16T08:48:06","modified_gmt":"2018-04-16T08:48:06","slug":"versiones-beta","status":"publish","type":"page","link":"https:\/\/recmin.com\/WP\/?page_id=678","title":{"rendered":"Versiones Beta"},"content":{"rendered":"<p>Para los que quieran colaborar en las versiones Beta del programa, aqu\u00ed pueden descargar las \u00faltimas disponibles.<\/p>\n<p>Su instalaci\u00f3n es igual que las actualizaciones normales, se descargan los ejecutables y se sustituyen en la carpeta que est\u00e1 instalado el programa.<\/p>\n<p>Dejar una copia de la versi\u00f3n anterior por si ten\u00e9is que volver a utilizarla.<\/p>\n<p>Comunicar a\u00a0trav\u00e9s\u00a0de la web o\u00a0\u00a0trav\u00e9s\u00a0del email\u00a0<a href=\"&#x6d;a&#x69;l&#x74;&#111;&#x3a;&#105;n&#x66;o&#x40;&#114;&#x65;&#99;&#x6d;&#105;n&#x2e;c&#x6f;&#109;\">info&#64;recmin&#46;&#99;&#111;&#109;<\/a>\u00a0aquellos errores que\u00a0encontr\u00e9is.<\/p>\n<p>La descargas de las \u00faltimas versiones beta se realiza desde el m\u00f3dulo de yacimientos en en el men\u00fa desplegable en \u00abBuscar actualizaciones&#8230;\u00bb. Si no tienes actualizado el m\u00f3dulo de yacimientos\u00a0seguir los pasos que se detallan en <a href=\"https:\/\/recmin.com\/WP\/?cat=9,10,11,13,14,15,16,17,18\">este enlace&#8230;<\/a><\/p>\n<p>&nbsp;<\/p>\n","protected":false},"excerpt":{"rendered":"<p>Para los que quieran colaborar en las versiones Beta del programa, aqu\u00ed pueden descargar las \u00faltimas disponibles. Su instalaci\u00f3n es igual que las actualizaciones normales, se descargan los ejecutables y se sustituyen en la carpeta que est\u00e1 instalado el programa. <a class=\"more-link\" href=\"https:\/\/recmin.com\/WP\/?page_id=678\">Read More &#8230;<\/a><\/p>\n","protected":false},"author":1,"featured_media":0,"parent":0,"menu_order":0,"comment_status":"open","ping_status":"open","template":"","meta":{"_bbp_topic_count":0,"_bbp_reply_count":0,"_bbp_total_topic_count":0,"_bbp_total_reply_count":0,"_bbp_voice_count":0,"_bbp_anonymous_reply_count":0,"_bbp_topic_count_hidden":0,"_bbp_reply_count_hidden":0,"_bbp_forum_subforum_count":0,"footnotes":""},"class_list":["post-678","page","type-page","status-publish","hentry"],"jetpack_sharing_enabled":true,"_links":{"self":[{"href":"https:\/\/recmin.com\/WP\/index.php?rest_route=\/wp\/v2\/pages\/678","targetHints":{"allow":["GET"]}}],"collection":[{"href":"https:\/\/recmin.com\/WP\/index.php?rest_route=\/wp\/v2\/pages"}],"about":[{"href":"https:\/\/recmin.com\/WP\/index.php?rest_route=\/wp\/v2\/types\/page"}],"author":[{"embeddable":true,"href":"https:\/\/recmin.com\/WP\/index.php?rest_route=\/wp\/v2\/users\/1"}],"replies":[{"embeddable":true,"href":"https:\/\/recmin.com\/WP\/index.php?rest_route=%2Fwp%2Fv2%2Fcomments&post=678"}],"version-history":[{"count":195,"href":"https:\/\/recmin.com\/WP\/index.php?rest_route=\/wp\/v2\/pages\/678\/revisions"}],"predecessor-version":[{"id":2395,"href":"https:\/\/recmin.com\/WP\/index.php?rest_route=\/wp\/v2\/pages\/678\/revisions\/2395"}],"wp:attachment":[{"href":"https:\/\/recmin.com\/WP\/index.php?rest_route=%2Fwp%2Fv2%2Fmedia&parent=678"}],"curies":[{"name":"wp","href":"https:\/\/api.w.org\/{rel}","templated":true}]}}