{"id":6,"date":"2012-01-31T17:34:32","date_gmt":"2012-01-31T17:34:32","guid":{"rendered":"http:\/\/recmin.com\/WP\/?page_id=6"},"modified":"2012-03-28T18:47:13","modified_gmt":"2012-03-28T18:47:13","slug":"prueba","status":"publish","type":"page","link":"https:\/\/recmin.com\/WP\/?page_id=6","title":{"rendered":"M\u00f3dulos"},"content":{"rendered":"<p>RecMin es un programa freeware de gesti\u00f3n de Recursos Mineros, el cual est\u00e1 formado por cinco m\u00f3dulos o programas:<\/p>\n<ul>\n<li><a title=\"RMyac \u00b7 Editor yacimientos\" href=\"https:\/\/recmin.com\/WP\/?page_id=69\">RMyac<\/a> o m\u00f3dulo de edici\u00f3n de yacimientos.<\/li>\n<li><a title=\"RMedit \u00b7 Sondeos\" href=\"https:\/\/recmin.com\/WP\/?page_id=76\">RMedit <\/a>o m\u00f3dulo edici\u00f3n de sondeos.<\/li>\n<li><a title=\"RMdraw \u00b7 Dibujo\" href=\"https:\/\/recmin.com\/WP\/?page_id=80\">RMdraw <\/a>o m\u00f3dulo de dibujo.<\/li>\n<li><a title=\"RM3d \u2013 Render 3D\" href=\"https:\/\/recmin.com\/WP\/?page_id=86\">RM3d <\/a>o m\u00f3dulo de render 3D.<\/li>\n<li><a title=\"RMseg \u2013 copias\" href=\"https:\/\/recmin.com\/WP\/?page_id=268\">RMseg <\/a>o m\u00f3dulo de copias de seguridad.<\/li>\n<\/ul>\n<p>Aparte existen otros programas complementarios, Gestor de Informes de modelos de bloques, Control de Flotas, etc.<\/p>\n","protected":false},"excerpt":{"rendered":"<p>RecMin es un programa freeware de gesti\u00f3n de Recursos Mineros, el cual est\u00e1 formado por cinco m\u00f3dulos o programas: RMyac o m\u00f3dulo de edici\u00f3n de yacimientos. RMedit o m\u00f3dulo edici\u00f3n de sondeos. RMdraw o m\u00f3dulo de dibujo. RM3d o m\u00f3dulo <a class=\"more-link\" href=\"https:\/\/recmin.com\/WP\/?page_id=6\">Read More &#8230;<\/a><\/p>\n","protected":false},"author":1,"featured_media":0,"parent":0,"menu_order":0,"comment_status":"open","ping_status":"open","template":"","meta":{"_bbp_topic_count":0,"_bbp_reply_count":0,"_bbp_total_topic_count":0,"_bbp_total_reply_count":0,"_bbp_voice_count":0,"_bbp_anonymous_reply_count":0,"_bbp_topic_count_hidden":0,"_bbp_reply_count_hidden":0,"_bbp_forum_subforum_count":0,"footnotes":""},"class_list":["post-6","page","type-page","status-publish","hentry"],"jetpack_sharing_enabled":true,"_links":{"self":[{"href":"https:\/\/recmin.com\/WP\/index.php?rest_route=\/wp\/v2\/pages\/6","targetHints":{"allow":["GET"]}}],"collection":[{"href":"https:\/\/recmin.com\/WP\/index.php?rest_route=\/wp\/v2\/pages"}],"about":[{"href":"https:\/\/recmin.com\/WP\/index.php?rest_route=\/wp\/v2\/types\/page"}],"author":[{"embeddable":true,"href":"https:\/\/recmin.com\/WP\/index.php?rest_route=\/wp\/v2\/users\/1"}],"replies":[{"embeddable":true,"href":"https:\/\/recmin.com\/WP\/index.php?rest_route=%2Fwp%2Fv2%2Fcomments&post=6"}],"version-history":[{"count":7,"href":"https:\/\/recmin.com\/WP\/index.php?rest_route=\/wp\/v2\/pages\/6\/revisions"}],"predecessor-version":[{"id":8,"href":"https:\/\/recmin.com\/WP\/index.php?rest_route=\/wp\/v2\/pages\/6\/revisions\/8"}],"wp:attachment":[{"href":"https:\/\/recmin.com\/WP\/index.php?rest_route=%2Fwp%2Fv2%2Fmedia&parent=6"}],"curies":[{"name":"wp","href":"https:\/\/api.w.org\/{rel}","templated":true}]}}