{"id":534,"date":"2012-04-30T23:02:20","date_gmt":"2012-04-30T23:02:20","guid":{"rendered":"http:\/\/recmin.com\/WP\/?page_id=534"},"modified":"2021-12-09T10:32:55","modified_gmt":"2021-12-09T10:32:55","slug":"otras-descargas","status":"publish","type":"page","link":"https:\/\/recmin.com\/WP\/?page_id=534","title":{"rendered":"Otras descargas"},"content":{"rendered":"<p>En el siguiente enlace se pueden descargar datos de 87 sondeos y superficie de ejemplo para que pod\u00e1is practicar con el programa:<\/p>\n<p>Desde el 7 de agosto de 2020 se han a\u00f1adido al proyecto ejemplo los ficheros de coordenadas del collar de los sondeos, medidas de desviaciones de los sondeos y topograf\u00eda en coordenadas globales (ETRS89 Zona UTM 29 N), muy parecidas a las WGS84.<\/p>\n<p><a href=\"https:\/\/www.recmin.com\/download\/Proyecto_ejemplo.zip\">Descargar proyecto ejemplo&#8230;<\/a><\/p>\n<p>Para trabajar con \u00e9l se deben de\u00a0realizar\u00a0los siguientes pasos:<\/p>\n<ul>\n<li>Crear un Yacimiento nuevo.<\/li>\n<li>Crear nuevos elementos en \u00abEditar &#8211; Indice de elementos&#8230;\u00bb para poder\u00a0importar\u00a0toda la\u00a0informaci\u00f3n\u00a0de muestras; para ver qu\u00e9 elementos se necesitan, abrir el ficheros de muestras con un editor de texto.<\/li>\n<li>Importar, en \u00abImportar &#8211; Datos de sondeos&#8230;\u00bb, los cinco ficheros con informaci\u00f3n de los sondeos, coordenadas del collar, medidas de desviaciones, informaci\u00f3n litol\u00f3gica, informaci\u00f3n de muestras e\u00a0intersecci\u00f3n\u00a0con zonas. El nombre de las litolog\u00edas y de las zonas no es\u00a0necesario\u00a0a\u00f1adirlas a los indices antes, ya que el programa, si no existen, los a\u00f1aden autom\u00e1ticamente.<\/li>\n<li>Si se quieren importar en coordenadas globales utilizar los ficheros de coordenadas del collar y de medidas de desviaciones en ETRS89.<\/li>\n<\/ul>\n<hr \/>\n<div><span style=\"font-size: medium;\"><span style=\"line-height: 24px;\">Descarga la librer\u00eda RecMinLib.dll si quieres mejorar algunos algoritmos del programa RecMin, principalmente el de triangulaci\u00f3n de superficies y puntos que va mucho mas r\u00e1pido.<\/span><\/span><\/div>\n<div>Actualizado con herramientas para conectar con servicios de Minetrack.<\/div>\n<div>Descarga en el siguiente enlace el fichero ZIP, descompr\u00edmelo y sit\u00faa el fichero RecMinFree.dll en la misma carpeta que los ejecutables, normalmente en C:\/RecMin_Free\/<\/div>\n<div><div class='w3eden'><!-- WPDM Link Template: Default Template -->\n\n<div class=\"link-template-default card mb-2\">\n    <div class=\"card-body\">\n        <div class=\"media\">\n            <div class=\"mr-3 img-48\"><img decoding=\"async\" class=\"wpdm_icon\" alt=\"Icono\"   src=\"https:\/\/recmin.com\/WP\/wp-content\/plugins\/download-manager\/assets\/file-type-icons\/down3.png\" \/><\/div>\n            <div class=\"media-body\">\n                <h3 class=\"package-title\"><a href='https:\/\/recmin.com\/WP\/?wpdmpro=libreria-recmin'>Librer\u00eda RecMin<\/a><\/h3>\n                <div class=\"text-muted text-small\"><i class=\"fas fa-copy\"><\/i> 1 archivo(s) <i class=\"fas fa-hdd ml-3\"><\/i> 1.49 MB<\/div>\n            <\/div>\n            <div class=\"ml-3\">\n                <a class='wpdm-download-link download-on-click btn btn-primary ' rel='nofollow' href='#' data-downloadurl=\"https:\/\/recmin.com\/WP\/?wpdmpro=libreria-recmin&wpdmdl=2176&refresh=69df1793a27e71776228243\">Descargar<\/a>\n            <\/div>\n        <\/div>\n    <\/div>\n<\/div>\n\n<\/div><\/div>\n<div>\n<hr \/>\n<\/div>\n<p><a href=\"https:\/\/recmin.com\/WP\/wp-content\/uploads\/2012\/04\/dumper.png\"><img loading=\"lazy\" decoding=\"async\" class=\"alignleft wp-image-531\" title=\"dumper\" src=\"https:\/\/recmin.com\/WP\/wp-content\/uploads\/2012\/04\/dumper-300x228.png\" alt=\"\" width=\"180\" height=\"137\" srcset=\"https:\/\/recmin.com\/WP\/wp-content\/uploads\/2012\/04\/dumper-300x228.png 300w, https:\/\/recmin.com\/WP\/wp-content\/uploads\/2012\/04\/dumper-600x456.png 600w, https:\/\/recmin.com\/WP\/wp-content\/uploads\/2012\/04\/dumper.png 605w\" sizes=\"auto, (max-width: 180px) 100vw, 180px\" \/><\/a>Descargar d\u00famper\u00a0CAT 797B en formato RecMin (cedido por Yhonny Ruiz):<\/p>\n<ul>\n<li><a href=\"https:\/\/www.recmin.com\/download\/DumperTOT.zip\">Formato Escena (Dumper.TOT)<\/a><\/li>\n<li><a href=\"https:\/\/www.recmin.com\/download\/dumperRMR.zip\">Formato render (Dumper.RMR)<\/a><\/li>\n<\/ul>\n<p><img loading=\"lazy\" decoding=\"async\" class=\"alignleft size-medium wp-image-602\" title=\"CAT990\" src=\"https:\/\/recmin.com\/WP\/wp-content\/uploads\/2012\/06\/CAT990-300x231.png\" alt=\"\" width=\"300\" height=\"231\" srcset=\"https:\/\/recmin.com\/WP\/wp-content\/uploads\/2012\/06\/CAT990-300x231.png 300w, https:\/\/recmin.com\/WP\/wp-content\/uploads\/2012\/06\/CAT990.png 351w\" sizes=\"auto, (max-width: 300px) 100vw, 300px\" \/><\/p>\n<p>Descargar cargadora CAT 990 en formato RecMin (cedido por Yhonny Ruiz):<\/p>\n<ul>\n<li><a href=\"https:\/\/www.recmin.com\/download\/CAT990TOT.zip\">Formato Escena (CAT990.TOT)<\/a><\/li>\n<li><a href=\"https:\/\/www.recmin.com\/download\/CAT990RMR.zip\">Formato render (CAT990.RMR)<\/a><\/li>\n<\/ul>\n<p><a href=\"https:\/\/recmin.com\/WP\/wp-content\/uploads\/2012\/04\/Pala_Hitachi_EX8000_Ruben_Di_Ruggiero.png\"><img loading=\"lazy\" decoding=\"async\" class=\"alignleft size-medium wp-image-1036\" title=\"Pala_Hitachi_EX8000_Ruben_Di_Ruggiero\" src=\"https:\/\/recmin.com\/WP\/wp-content\/uploads\/2012\/04\/Pala_Hitachi_EX8000_Ruben_Di_Ruggiero-300x225.png\" alt=\"\" width=\"300\" height=\"225\" srcset=\"https:\/\/recmin.com\/WP\/wp-content\/uploads\/2012\/04\/Pala_Hitachi_EX8000_Ruben_Di_Ruggiero-300x225.png 300w, https:\/\/recmin.com\/WP\/wp-content\/uploads\/2012\/04\/Pala_Hitachi_EX8000_Ruben_Di_Ruggiero-600x451.png 600w, https:\/\/recmin.com\/WP\/wp-content\/uploads\/2012\/04\/Pala_Hitachi_EX8000_Ruben_Di_Ruggiero.png 860w\" sizes=\"auto, (max-width: 300px) 100vw, 300px\" \/><\/a>Descargar\u00a0Pala Hitachi EX8000 (cedido por Ruben Di Ruggiero)<\/p>\n<ul>\n<li><a href=\"https:\/\/www.recmin.com\/download\/Pala_Hitachi_EX8000_TOT.zip\">Formato escena (TOT)<\/a><\/li>\n<li><a href=\"https:\/\/www.recmin.com\/download\/Pala_Hitachi_EX8000_RMR.zip\">Formato render (RMR)<\/a><\/li>\n<\/ul>\n<p><img loading=\"lazy\" decoding=\"async\" class=\"alignleft size-medium wp-image-981\" title=\"Fifa_world_cup_Brasil2014\" src=\"https:\/\/recmin.com\/WP\/wp-content\/uploads\/2014\/06\/Fifa_world_cup_Brasil2014-235x300.png\" alt=\"\" width=\"235\" height=\"300\" srcset=\"https:\/\/recmin.com\/WP\/wp-content\/uploads\/2014\/06\/Fifa_world_cup_Brasil2014-235x300.png 235w, https:\/\/recmin.com\/WP\/wp-content\/uploads\/2014\/06\/Fifa_world_cup_Brasil2014-600x763.png 600w, https:\/\/recmin.com\/WP\/wp-content\/uploads\/2014\/06\/Fifa_world_cup_Brasil2014.png 757w\" sizes=\"auto, (max-width: 235px) 100vw, 235px\" \/><\/p>\n<p>Descargar Fifa World Cup Brasil (cedido por Yhonny Ruiz):<\/p>\n<ul>\n<li><a href=\"https:\/\/www.recmin.com\/download\/BRASIL_Mundial_2014.zip\">Formato Escena y render (BRASIL_Mundial_2014.zip)<\/a><\/li>\n<\/ul>\n<p><a href=\"https:\/\/recmin.com\/WP\/wp-content\/uploads\/2012\/04\/Minipala.png\" rel=\"attachment wp-att-1353\"><img loading=\"lazy\" decoding=\"async\" class=\"size-medium wp-image-1353 alignleft\" src=\"https:\/\/recmin.com\/WP\/wp-content\/uploads\/2012\/04\/Minipala-300x216.png\" alt=\"minipala\" width=\"300\" height=\"216\" srcset=\"https:\/\/recmin.com\/WP\/wp-content\/uploads\/2012\/04\/Minipala-300x216.png 300w, https:\/\/recmin.com\/WP\/wp-content\/uploads\/2012\/04\/Minipala-600x433.png 600w, https:\/\/recmin.com\/WP\/wp-content\/uploads\/2012\/04\/Minipala-768x554.png 768w, https:\/\/recmin.com\/WP\/wp-content\/uploads\/2012\/04\/Minipala.png 808w\" sizes=\"auto, (max-width: 300px) 100vw, 300px\" \/><\/a>Descargar Minipala (cedido por\u00a0Michael David Altamirano Mackenzie)<\/p>\n<ul>\n<li><a href=\"https:\/\/www.recmin.com\/download\/Minipala_TOT.zip\">Formato escena TOT<\/a><\/li>\n<li><a href=\"https:\/\/www.recmin.com\/download\/Minipala_RMR.zip\">Formato 3D RMR<\/a><\/li>\n<\/ul>\n<p><img loading=\"lazy\" decoding=\"async\" class=\"alignleft size-medium wp-image-2444\" src=\"https:\/\/recmin.com\/WP\/wp-content\/uploads\/2018\/12\/picup-300x260.jpg\" alt=\"\" width=\"300\" height=\"260\" srcset=\"https:\/\/recmin.com\/WP\/wp-content\/uploads\/2018\/12\/picup-300x260.jpg 300w, https:\/\/recmin.com\/WP\/wp-content\/uploads\/2018\/12\/picup-600x520.jpg 600w, https:\/\/recmin.com\/WP\/wp-content\/uploads\/2018\/12\/picup-768x666.jpg 768w, https:\/\/recmin.com\/WP\/wp-content\/uploads\/2018\/12\/picup.jpg 798w\" sizes=\"auto, (max-width: 300px) 100vw, 300px\" \/><\/p>\n<p>Descargar Pick-up (cedido por\u00a0Vicente Herrera Zwingel )<\/p>\n<p><a href=\"https:\/\/recmin.com\/download\/pickup_recmin.zip\">Formato TOT y RMRX<\/a><\/p>\n","protected":false},"excerpt":{"rendered":"<p>En el siguiente enlace se pueden descargar datos de 87 sondeos y superficie de ejemplo para que pod\u00e1is practicar con el programa: Desde el 7 de agosto de 2020 se han a\u00f1adido al proyecto ejemplo los ficheros de coordenadas del <a class=\"more-link\" href=\"https:\/\/recmin.com\/WP\/?page_id=534\">Read More &#8230;<\/a><\/p>\n","protected":false},"author":1,"featured_media":0,"parent":0,"menu_order":0,"comment_status":"open","ping_status":"open","template":"","meta":{"_bbp_topic_count":0,"_bbp_reply_count":0,"_bbp_total_topic_count":0,"_bbp_total_reply_count":0,"_bbp_voice_count":0,"_bbp_anonymous_reply_count":0,"_bbp_topic_count_hidden":0,"_bbp_reply_count_hidden":0,"_bbp_forum_subforum_count":0,"footnotes":""},"class_list":["post-534","page","type-page","status-publish","hentry"],"jetpack_sharing_enabled":true,"_links":{"self":[{"href":"https:\/\/recmin.com\/WP\/index.php?rest_route=\/wp\/v2\/pages\/534","targetHints":{"allow":["GET"]}}],"collection":[{"href":"https:\/\/recmin.com\/WP\/index.php?rest_route=\/wp\/v2\/pages"}],"about":[{"href":"https:\/\/recmin.com\/WP\/index.php?rest_route=\/wp\/v2\/types\/page"}],"author":[{"embeddable":true,"href":"https:\/\/recmin.com\/WP\/index.php?rest_route=\/wp\/v2\/users\/1"}],"replies":[{"embeddable":true,"href":"https:\/\/recmin.com\/WP\/index.php?rest_route=%2Fwp%2Fv2%2Fcomments&post=534"}],"version-history":[{"count":16,"href":"https:\/\/recmin.com\/WP\/index.php?rest_route=\/wp\/v2\/pages\/534\/revisions"}],"predecessor-version":[{"id":3354,"href":"https:\/\/recmin.com\/WP\/index.php?rest_route=\/wp\/v2\/pages\/534\/revisions\/3354"}],"wp:attachment":[{"href":"https:\/\/recmin.com\/WP\/index.php?rest_route=%2Fwp%2Fv2%2Fmedia&parent=534"}],"curies":[{"name":"wp","href":"https:\/\/api.w.org\/{rel}","templated":true}]}}