{"id":4459,"date":"2025-01-02T11:22:30","date_gmt":"2025-01-02T11:22:30","guid":{"rendered":"https:\/\/recmin.com\/WP\/?page_id=4459"},"modified":"2025-04-09T09:37:50","modified_gmt":"2025-04-09T09:37:50","slug":"descarga-software-recmin","status":"publish","type":"page","link":"https:\/\/recmin.com\/WP\/?page_id=4459","title":{"rendered":"Descarga software RecMin"},"content":{"rendered":"\n<p><\/p>\n\n\n\n<p>RecMin es un programa en continuo periodo de mejora y desarrollo. Si deseas utilizarlo y\/o colaborar en la depuraci\u00f3n, puedes descargar una copia sin l\u00edmite de utilizaci\u00f3n.<\/p>\n\n\n\n<p>RecMin est\u00e1 en espa\u00f1ol e ingles y la ayuda&nbsp;tambi\u00e9n&nbsp;en&nbsp;franc\u00e9s. Para&nbsp;instalarlo&nbsp;descarga el ZIP del enlace siguiente, descompr\u00edmelo y ejecuta setup.exe.<\/p>\n\n\n<p><div class='w3eden'><!-- WPDM Link Template: Default Template -->\n\n<div class=\"link-template-default card mb-2\">\n    <div class=\"card-body\">\n        <div class=\"media\">\n            <div class=\"mr-3 img-48\"><img decoding=\"async\" class=\"wpdm_icon\" alt=\"Icono\"   src=\"https:\/\/recmin.com\/WP\/wp-content\/plugins\/download-manager\/assets\/file-type-icons\/17_download_program.png\" \/><\/div>\n            <div class=\"media-body\">\n                <h3 class=\"package-title\"><a href='https:\/\/recmin.com\/WP\/?wpdmpro=instalador-recmin-free-2025'>Instalador RecMin Free versi\u00f3n 2025<\/a><\/h3>\n                <div class=\"text-muted text-small\"><i class=\"fas fa-copy\"><\/i> 1 archivo(s) <i class=\"fas fa-hdd ml-3\"><\/i> 0.08 KB<\/div>\n            <\/div>\n            <div class=\"ml-3\">\n                <a class='wpdm-download-link download-on-click btn btn-primary ' rel='nofollow' href='#' data-downloadurl=\"https:\/\/recmin.com\/WP\/?wpdmpro=instalador-recmin-free-2025&wpdmdl=4532&refresh=6a05492e5047a1778731310\">Descargar<\/a>\n            <\/div>\n        <\/div>\n    <\/div>\n<\/div>\n\n<\/div> (9\/4\/2025)<\/p>\n\n\n\n<p><div class='w3eden'><!-- WPDM Link Template: Default Template -->\n\n<div class=\"link-template-default card mb-2\">\n    <div class=\"card-body\">\n        <div class=\"media\">\n            <div class=\"mr-3 img-48\"><img decoding=\"async\" class=\"wpdm_icon\" alt=\"Icono\"   src=\"https:\/\/recmin.com\/WP\/wp-content\/plugins\/download-manager\/assets\/file-type-icons\/17_download_program.png\" \/><\/div>\n            <div class=\"media-body\">\n                <h3 class=\"package-title\"><a href='https:\/\/recmin.com\/WP\/?wpdmpro=instalador-recmin-free-version-2021'>Instalador RecMin Free versi\u00f3n 2023<\/a><\/h3>\n                <div class=\"text-muted text-small\"><i class=\"fas fa-copy\"><\/i> 1 archivo(s) <i class=\"fas fa-hdd ml-3\"><\/i> 14917 KB<\/div>\n            <\/div>\n            <div class=\"ml-3\">\n                <a class='wpdm-download-link download-on-click btn btn-primary ' rel='nofollow' href='#' data-downloadurl=\"https:\/\/recmin.com\/WP\/?wpdmpro=instalador-recmin-free-version-2021&wpdmdl=3928&refresh=6a05492e6059b1778731310\">Descargar<\/a>\n            <\/div>\n        <\/div>\n    <\/div>\n<\/div>\n\n<\/div> (6\/3\/2023)<\/p>\n\n\n\n<p><div class='w3eden'><!-- WPDM Link Template: Default Template -->\n\n<div class=\"link-template-default card mb-2\">\n    <div class=\"card-body\">\n        <div class=\"media\">\n            <div class=\"mr-3 img-48\"><img decoding=\"async\" class=\"wpdm_icon\" alt=\"Icono\"   src=\"https:\/\/recmin.com\/WP\/wp-content\/plugins\/download-manager\/assets\/file-type-icons\/17_download_program.png\" \/><\/div>\n            <div class=\"media-body\">\n                <h3 class=\"package-title\"><a href='https:\/\/recmin.com\/WP\/?wpdmpro=2787'>Instalador RecMin Free versi\u00f3n 2021<\/a><\/h3>\n                <div class=\"text-muted text-small\"><i class=\"fas fa-copy\"><\/i> 1 archivo(s) <i class=\"fas fa-hdd ml-3\"><\/i> 0.00 KB<\/div>\n            <\/div>\n            <div class=\"ml-3\">\n                <a class='wpdm-download-link download-on-click btn btn-primary ' rel='nofollow' href='#' data-downloadurl=\"https:\/\/recmin.com\/WP\/?wpdmpro=2787&wpdmdl=2787&refresh=6a05492e6d5611778731310\">Descargar<\/a>\n            <\/div>\n        <\/div>\n    <\/div>\n<\/div>\n\n<\/div> (1\/1\/2021)<\/p>\n\n\n\n<p>Tener en cuenta las <a href=\"https:\/\/www.recmin.com\/WP\/?page_id=242\">recomendaciones para la instalaci\u00f3n de RecMin&#8230;<\/a><\/p>\n\n\n\n<p>Puedes consultar el v\u00eddeo de Descarga e Instalaci\u00f3n pinchando <a href=\"http:\/\/www.cursoonlinerecmin.com\/videosrecmin?t=$2a$07$Av0LfQ.EDz\/ERQR9o0d3zOForTDH9.QLWusCo6.Sj1xvkNtX3.y3i\" target=\"_blank\" rel=\"noreferrer noopener\">aqu\u00ed&#8230;<\/a><\/p>\n\n\n\n<p>Este instalador selecciona como directorio por defecto de instalaci\u00f3n el \u00abC:\\RecMin_Free\u00bb para facilitar el acceso a la carpeta de instalaci\u00f3n para actualizar los ejecutables cada vez que hay nuevas versiones. Se aconseja dejar ese directorio de instalaci\u00f3n.<\/p>\n\n\n\n<p>Tambi\u00e9n utiliza ahora la carpeta \u00abRecMin_Files\u00bb, en la carpeta \u00abMis Documentos\u00bb para los ficheros del programa, los de configuracion y los de leyendas e \u00edndices de yacimientos entre otros.<\/p>\n\n\n\n<p>Ahora busca las actualizaciones disponibles de todos los m\u00f3dulos al iniciar RMyac en la opci\u00f3n de Buscar actualizaciones, para mas informaci\u00f3n <a href=\"https:\/\/recmin.com\/WP\/?p=2381\">pincha aqu\u00ed&#8230;<\/a><\/p>\n\n\n\n<p>Se recomienda instalar el visualizador m\u00e1s avanzado del enlace:<\/p>\n\n\n\n<figure class=\"wp-block-embed is-type-wp-embed is-provider-recursos-mineros wp-block-embed-recursos-mineros\"><div class=\"wp-block-embed__wrapper\">\n<blockquote class=\"wp-embedded-content\" data-secret=\"wpAhSadgCf\"><a href=\"https:\/\/recmin.com\/WP\/?page_id=137\">Descargar RM visor 3D<\/a><\/blockquote><iframe loading=\"lazy\" class=\"wp-embedded-content\" sandbox=\"allow-scripts\" security=\"restricted\" style=\"position: absolute; visibility: hidden;\" title=\"\u00abDescargar RM visor 3D\u00bb \u2014 Recursos Mineros\" src=\"https:\/\/recmin.com\/WP\/?page_id=137&#038;embed=true#?secret=y13KW05ips#?secret=wpAhSadgCf\" data-secret=\"wpAhSadgCf\" width=\"600\" height=\"338\" frameborder=\"0\" marginwidth=\"0\" marginheight=\"0\" scrolling=\"no\"><\/iframe>\n<\/div><\/figure>\n\n\n\n<p>Tambi\u00e9n puedes instalar el RecMin Profesional de forma gratuita (sin las opciones avanzadas)&nbsp; con lo que tendr\u00e1s la opci\u00f3n de utilizarlo tambi\u00e9n como visualizador y para pasar informaci\u00f3n entre ambos con un simple copiar y pegar.<\/p>\n\n\n\n<figure class=\"wp-block-embed is-type-wp-embed is-provider-recursos-mineros wp-block-embed-recursos-mineros\"><div class=\"wp-block-embed__wrapper\">\n<blockquote class=\"wp-embedded-content\" data-secret=\"1Weq65d6iZ\"><a href=\"https:\/\/recmin.com\/WP\/?page_id=2005\">RecMin Professional<\/a><\/blockquote><iframe loading=\"lazy\" class=\"wp-embedded-content\" sandbox=\"allow-scripts\" security=\"restricted\" style=\"position: absolute; visibility: hidden;\" title=\"\u00abRecMin Professional\u00bb \u2014 Recursos Mineros\" src=\"https:\/\/recmin.com\/WP\/?page_id=2005&#038;embed=true#?secret=cMeb8DMvxU#?secret=1Weq65d6iZ\" data-secret=\"1Weq65d6iZ\" width=\"600\" height=\"338\" frameborder=\"0\" marginwidth=\"0\" marginheight=\"0\" scrolling=\"no\"><\/iframe>\n<\/div><\/figure>\n\n\n\n<p>Si vas a utilizar el idioma ingles o la ayuda en&nbsp;franc\u00e9s, <a href=\"https:\/\/recmin.com\/WP\/?page_id=130\">descarga&nbsp;tambi\u00e9n&nbsp;los ficheros de ayuda<\/a>.<\/p>\n\n\n\n<p>Versiones anteriores:<\/p>\n\n\n\n<p><div class='w3eden'><!-- WPDM Link Template: Default Template -->\n\n<div class=\"link-template-default card mb-2\">\n    <div class=\"card-body\">\n        <div class=\"media\">\n            <div class=\"mr-3 img-48\"><img decoding=\"async\" class=\"wpdm_icon\" alt=\"Icono\"   src=\"https:\/\/recmin.com\/WP\/wp-content\/plugins\/download-manager\/assets\/file-type-icons\/down3.png\" \/><\/div>\n            <div class=\"media-body\">\n                <h3 class=\"package-title\"><a href='https:\/\/recmin.com\/WP\/?wpdmpro=recmin-free-version-2019'>Instalador RecMin Free versi\u00f3n 2019<\/a><\/h3>\n                <div class=\"text-muted text-small\"><i class=\"fas fa-copy\"><\/i> 1 archivo(s) <i class=\"fas fa-hdd ml-3\"><\/i> 12.65 MB<\/div>\n            <\/div>\n            <div class=\"ml-3\">\n                <a class='wpdm-download-link download-on-click btn btn-primary ' rel='nofollow' href='#' data-downloadurl=\"https:\/\/recmin.com\/WP\/?wpdmpro=recmin-free-version-2019&wpdmdl=2449&refresh=6a05492e7938b1778731310\">Descargar<\/a>\n            <\/div>\n        <\/div>\n    <\/div>\n<\/div>\n\n<\/div> (17\/12\/2018)<\/p>\n\n\n<div class='w3eden'><!-- WPDM Link Template: Default Template -->\n\n<div class=\"link-template-default card mb-2\">\n    <div class=\"card-body\">\n        <div class=\"media\">\n            <div class=\"mr-3 img-48\"><img decoding=\"async\" class=\"wpdm_icon\" alt=\"Icono\"   src=\"https:\/\/recmin.com\/WP\/wp-content\/plugins\/download-manager\/assets\/file-type-icons\/down3.png\" \/><\/div>\n            <div class=\"media-body\">\n                <h3 class=\"package-title\"><a href='https:\/\/recmin.com\/WP\/?wpdmpro=instalador-recmin-free-v5-2017'>Instalador RecMin Free v5 2017<\/a><\/h3>\n                <div class=\"text-muted text-small\"><i class=\"fas fa-copy\"><\/i> 1 archivo(s) <i class=\"fas fa-hdd ml-3\"><\/i> 12.18 MB<\/div>\n            <\/div>\n            <div class=\"ml-3\">\n                <a class='wpdm-download-link download-on-click btn btn-primary ' rel='nofollow' href='#' data-downloadurl=\"https:\/\/recmin.com\/WP\/?wpdmpro=instalador-recmin-free-v5-2017&wpdmdl=2066&refresh=6a05492e85b041778731310\">Descargar<\/a>\n            <\/div>\n        <\/div>\n    <\/div>\n<\/div>\n\n<\/div>\n\n\n<div class='w3eden'><!-- WPDM Link Template: Default Template -->\n\n<div class=\"link-template-default card mb-2\">\n    <div class=\"card-body\">\n        <div class=\"media\">\n            <div class=\"mr-3 img-48\"><img decoding=\"async\" class=\"wpdm_icon\" alt=\"Icono\"   src=\"https:\/\/recmin.com\/WP\/wp-content\/plugins\/download-manager\/assets\/file-type-icons\/down3.png\" \/><\/div>\n            <div class=\"media-body\">\n                <h3 class=\"package-title\"><a href='https:\/\/recmin.com\/WP\/?wpdmpro=instalador-recmin-2016'>Instalador RecMin 2016<\/a><\/h3>\n                <div class=\"text-muted text-small\"><i class=\"fas fa-copy\"><\/i> 1 archivo(s) <i class=\"fas fa-hdd ml-3\"><\/i> 21.15 MB<\/div>\n            <\/div>\n            <div class=\"ml-3\">\n                <a class='wpdm-download-link download-on-click btn btn-primary ' rel='nofollow' href='#' data-downloadurl=\"https:\/\/recmin.com\/WP\/?wpdmpro=instalador-recmin-2016&wpdmdl=2001&refresh=6a05492e90f251778731310\">Descargar<\/a>\n            <\/div>\n        <\/div>\n    <\/div>\n<\/div>\n\n<\/div>\n\n\n<div class='w3eden'><!-- WPDM Link Template: Default Template -->\n\n<div class=\"link-template-default card mb-2\">\n    <div class=\"card-body\">\n        <div class=\"media\">\n            <div class=\"mr-3 img-48\"><img decoding=\"async\" class=\"wpdm_icon\" alt=\"Icono\"   src=\"https:\/\/recmin.com\/WP\/wp-content\/plugins\/download-manager\/assets\/file-type-icons\/down3.png\" \/><\/div>\n            <div class=\"media-body\">\n                <h3 class=\"package-title\"><a href='https:\/\/recmin.com\/WP\/?wpdmpro=instalador-recmin-2015'>Instalador RecMin 2015<\/a><\/h3>\n                <div class=\"text-muted text-small\"><i class=\"fas fa-copy\"><\/i> 1 archivo(s) <i class=\"fas fa-hdd ml-3\"><\/i> 10.85 MB<\/div>\n            <\/div>\n            <div class=\"ml-3\">\n                <a class='wpdm-download-link download-on-click btn btn-primary ' rel='nofollow' href='#' data-downloadurl=\"https:\/\/recmin.com\/WP\/?wpdmpro=instalador-recmin-2015&wpdmdl=1998&refresh=6a05492e9de941778731310\">Descargar<\/a>\n            <\/div>\n        <\/div>\n    <\/div>\n<\/div>\n\n<\/div>\n","protected":false},"excerpt":{"rendered":"<p>RecMin es un programa en continuo periodo de mejora y desarrollo. Si deseas utilizarlo y\/o colaborar en la depuraci\u00f3n, puedes descargar una copia sin l\u00edmite de utilizaci\u00f3n. RecMin est\u00e1 en espa\u00f1ol e ingles y la ayuda&nbsp;tambi\u00e9n&nbsp;en&nbsp;franc\u00e9s. Para&nbsp;instalarlo&nbsp;descarga el ZIP del <a class=\"more-link\" href=\"https:\/\/recmin.com\/WP\/?page_id=4459\">Read More &#8230;<\/a><\/p>\n","protected":false},"author":1,"featured_media":0,"parent":0,"menu_order":0,"comment_status":"closed","ping_status":"closed","template":"","meta":{"_bbp_topic_count":0,"_bbp_reply_count":0,"_bbp_total_topic_count":0,"_bbp_total_reply_count":0,"_bbp_voice_count":0,"_bbp_anonymous_reply_count":0,"_bbp_topic_count_hidden":0,"_bbp_reply_count_hidden":0,"_bbp_forum_subforum_count":0,"footnotes":""},"class_list":["post-4459","page","type-page","status-publish","hentry"],"jetpack_sharing_enabled":true,"_links":{"self":[{"href":"https:\/\/recmin.com\/WP\/index.php?rest_route=\/wp\/v2\/pages\/4459","targetHints":{"allow":["GET"]}}],"collection":[{"href":"https:\/\/recmin.com\/WP\/index.php?rest_route=\/wp\/v2\/pages"}],"about":[{"href":"https:\/\/recmin.com\/WP\/index.php?rest_route=\/wp\/v2\/types\/page"}],"author":[{"embeddable":true,"href":"https:\/\/recmin.com\/WP\/index.php?rest_route=\/wp\/v2\/users\/1"}],"replies":[{"embeddable":true,"href":"https:\/\/recmin.com\/WP\/index.php?rest_route=%2Fwp%2Fv2%2Fcomments&post=4459"}],"version-history":[{"count":4,"href":"https:\/\/recmin.com\/WP\/index.php?rest_route=\/wp\/v2\/pages\/4459\/revisions"}],"predecessor-version":[{"id":4534,"href":"https:\/\/recmin.com\/WP\/index.php?rest_route=\/wp\/v2\/pages\/4459\/revisions\/4534"}],"wp:attachment":[{"href":"https:\/\/recmin.com\/WP\/index.php?rest_route=%2Fwp%2Fv2%2Fmedia&parent=4459"}],"curies":[{"name":"wp","href":"https:\/\/api.w.org\/{rel}","templated":true}]}}