{"id":421,"date":"2012-04-05T22:08:58","date_gmt":"2012-04-05T22:08:58","guid":{"rendered":"http:\/\/recmin.com\/WP\/?page_id=421"},"modified":"2016-10-28T11:23:20","modified_gmt":"2016-10-28T11:23:20","slug":"universidades-publicaciones","status":"publish","type":"page","link":"https:\/\/recmin.com\/WP\/?page_id=421","title":{"rendered":"Universidades \/ Publicaciones"},"content":{"rendered":"<p>Como Doctor Ingeniero de Minas y Profesor Titular del Departamento de Explotaci\u00f3n y Prospecci\u00f3n de Minas de la Universidad de Oviedo, mi\u00a0ofrecimiento\u00a0para la colaboraci\u00f3n\u00a0conjunta\u00a0en Proyectos de Investigaci\u00f3n y\/o Publicaciones, en trabajos en los que el programa RecMin pueda ser parte o herramienta de trabajo.<\/p>\n<p>Si estas interesado no dejes de contactar conmigo a traves del email <a href=\"mailto&#58;&#105;&#110;&#102;&#111;&#64;&#114;&#x65;&#x63;&#x6d;&#x69;&#x6e;&#x2e;&#x63;&#x6f;&#x6d;\" target=\"_blank\">&#x69;&#110;f&#x6f;&#x40;&#114;e&#x63;&#x6d;&#105;n&#x2e;&#x63;&#111;m<\/a>.<\/p>\n<p>C\u00e9sar Casta\u00f1\u00f3n<\/p>\n<p>&#8212;&#8212;&#8212;&#8212;&#8212;&#8212;&#8212;&#8212;&#8212;&#8212;&#8212;&#8212;&#8212;&#8212;&#8212;&#8212;&#8212;&#8212;&#8212;&#8212;&#8212;&#8212;&#8212;&#8212;&#8212;&#8212;&#8212;&#8212;&#8212;&#8212;&#8212;&#8212;<\/p>\n<p><em><strong>\u201cAPLICACI\u00d3N DE SOFTWARE LIBRE PARA LA ESTIMACI\u00d3N\u00a0DE RECURSOS Y PARA LA EVALUACI\u00d3N T\u00c9CNICA\u00a0ECON\u00d3MICA DE LAS RESERVAS MINERALES\u201d . Yhonny Ruiz.<\/strong><\/em><\/p>\n<p>Este estupendo trabajo (Memoria Pregrado) de Yhonny Ruiz, que amablemente ha decidido compartir con todos nosotros, puede servir a los estudiantes o profesionales interesados en la evaluaci\u00f3n de Recursos y Reservas como manual de consulta. Lo puedes descargar en formato PDF <a href=\"https:\/\/www.recmin.com\/download\/MONOGRAFIA_de_TESIS_Ing_Minas_Yhonny_Ruiz.pdf\" target=\"_blank\">aqui&#8230;<\/a><\/p>\n<p style=\"text-align: center;\">______________________________________________________<\/p>\n<p>&nbsp;<\/p>\n","protected":false},"excerpt":{"rendered":"<p>Como Doctor Ingeniero de Minas y Profesor Titular del Departamento de Explotaci\u00f3n y Prospecci\u00f3n de Minas de la Universidad de Oviedo, mi\u00a0ofrecimiento\u00a0para la colaboraci\u00f3n\u00a0conjunta\u00a0en Proyectos de Investigaci\u00f3n y\/o Publicaciones, en trabajos en los que el programa RecMin pueda ser parte <a class=\"more-link\" href=\"https:\/\/recmin.com\/WP\/?page_id=421\">Read More &#8230;<\/a><\/p>\n","protected":false},"author":1,"featured_media":0,"parent":0,"menu_order":0,"comment_status":"open","ping_status":"open","template":"","meta":{"_bbp_topic_count":0,"_bbp_reply_count":0,"_bbp_total_topic_count":0,"_bbp_total_reply_count":0,"_bbp_voice_count":0,"_bbp_anonymous_reply_count":0,"_bbp_topic_count_hidden":0,"_bbp_reply_count_hidden":0,"_bbp_forum_subforum_count":0,"footnotes":""},"class_list":["post-421","page","type-page","status-publish","hentry"],"jetpack_sharing_enabled":true,"_links":{"self":[{"href":"https:\/\/recmin.com\/WP\/index.php?rest_route=\/wp\/v2\/pages\/421","targetHints":{"allow":["GET"]}}],"collection":[{"href":"https:\/\/recmin.com\/WP\/index.php?rest_route=\/wp\/v2\/pages"}],"about":[{"href":"https:\/\/recmin.com\/WP\/index.php?rest_route=\/wp\/v2\/types\/page"}],"author":[{"embeddable":true,"href":"https:\/\/recmin.com\/WP\/index.php?rest_route=\/wp\/v2\/users\/1"}],"replies":[{"embeddable":true,"href":"https:\/\/recmin.com\/WP\/index.php?rest_route=%2Fwp%2Fv2%2Fcomments&post=421"}],"version-history":[{"count":6,"href":"https:\/\/recmin.com\/WP\/index.php?rest_route=\/wp\/v2\/pages\/421\/revisions"}],"predecessor-version":[{"id":1627,"href":"https:\/\/recmin.com\/WP\/index.php?rest_route=\/wp\/v2\/pages\/421\/revisions\/1627"}],"wp:attachment":[{"href":"https:\/\/recmin.com\/WP\/index.php?rest_route=%2Fwp%2Fv2%2Fmedia&parent=421"}],"curies":[{"name":"wp","href":"https:\/\/api.w.org\/{rel}","templated":true}]}}