{"id":2822,"date":"2021-01-22T20:14:29","date_gmt":"2021-01-22T20:14:29","guid":{"rendered":"https:\/\/recmin.com\/WP\/?page_id=2822"},"modified":"2025-12-05T12:39:12","modified_gmt":"2025-12-05T12:39:12","slug":"mws4mining","status":"publish","type":"page","link":"https:\/\/recmin.com\/WP\/?page_id=2822","title":{"rendered":"MineTrack"},"content":{"rendered":"\n<p><\/p>\n\n\n\n<p>MineTrack es una plataforma para la gesti\u00f3n de flotas para miner\u00eda y obra civil desarrollada por las empresas Civilnova y RPtec (RecMin).<\/p>\n\n\n\n<figure class=\"wp-block-image size-full\"><a href=\"https:\/\/recmin.com\/WP\/wp-content\/uploads\/2023\/02\/minetrack1.jpg\"><img loading=\"lazy\" decoding=\"async\" width=\"515\" height=\"446\" src=\"https:\/\/recmin.com\/WP\/wp-content\/uploads\/2023\/02\/minetrack1.jpg\" alt=\"\" class=\"wp-image-3907\" srcset=\"https:\/\/recmin.com\/WP\/wp-content\/uploads\/2023\/02\/minetrack1.jpg 515w, https:\/\/recmin.com\/WP\/wp-content\/uploads\/2023\/02\/minetrack1-300x260.jpg 300w\" sizes=\"auto, (max-width: 515px) 100vw, 515px\" \/><\/a><\/figure>\n\n\n\n<p>Para m\u00e1s informaci\u00f3n puedes visitar el siguiente enlace:<\/p>\n\n\n\n<p><a href=\"https:\/\/www.minetrack.es\/index.php\/es\/\">Civilnova &#8211; Minetrack<\/a><\/p>\n\n\n\n<p><\/p>\n\n\n\n<p><\/p>\n","protected":false},"excerpt":{"rendered":"<p>MineTrack es una plataforma para la gesti\u00f3n de flotas para miner\u00eda y obra civil desarrollada por las empresas Civilnova y RPtec (RecMin). Para m\u00e1s informaci\u00f3n puedes visitar el siguiente enlace: Civilnova &#8211; Minetrack<\/p>\n","protected":false},"author":1,"featured_media":0,"parent":0,"menu_order":0,"comment_status":"closed","ping_status":"closed","template":"","meta":{"_bbp_topic_count":0,"_bbp_reply_count":0,"_bbp_total_topic_count":0,"_bbp_total_reply_count":0,"_bbp_voice_count":0,"_bbp_anonymous_reply_count":0,"_bbp_topic_count_hidden":0,"_bbp_reply_count_hidden":0,"_bbp_forum_subforum_count":0,"footnotes":""},"class_list":["post-2822","page","type-page","status-publish","hentry"],"jetpack_sharing_enabled":true,"_links":{"self":[{"href":"https:\/\/recmin.com\/WP\/index.php?rest_route=\/wp\/v2\/pages\/2822","targetHints":{"allow":["GET"]}}],"collection":[{"href":"https:\/\/recmin.com\/WP\/index.php?rest_route=\/wp\/v2\/pages"}],"about":[{"href":"https:\/\/recmin.com\/WP\/index.php?rest_route=\/wp\/v2\/types\/page"}],"author":[{"embeddable":true,"href":"https:\/\/recmin.com\/WP\/index.php?rest_route=\/wp\/v2\/users\/1"}],"replies":[{"embeddable":true,"href":"https:\/\/recmin.com\/WP\/index.php?rest_route=%2Fwp%2Fv2%2Fcomments&post=2822"}],"version-history":[{"count":8,"href":"https:\/\/recmin.com\/WP\/index.php?rest_route=\/wp\/v2\/pages\/2822\/revisions"}],"predecessor-version":[{"id":4754,"href":"https:\/\/recmin.com\/WP\/index.php?rest_route=\/wp\/v2\/pages\/2822\/revisions\/4754"}],"wp:attachment":[{"href":"https:\/\/recmin.com\/WP\/index.php?rest_route=%2Fwp%2Fv2%2Fmedia&parent=2822"}],"curies":[{"name":"wp","href":"https:\/\/api.w.org\/{rel}","templated":true}]}}