{"id":2023,"date":"2017-03-08T00:01:21","date_gmt":"2017-03-08T00:01:21","guid":{"rendered":"http:\/\/recmin.com\/WP\/?page_id=2023"},"modified":"2017-10-15T18:02:49","modified_gmt":"2017-10-15T18:02:49","slug":"recmin-pro-viewer","status":"publish","type":"page","link":"https:\/\/recmin.com\/WP\/?page_id=2023","title":{"rendered":"RecMin Pro Viewer"},"content":{"rendered":"<p><a href=\"https:\/\/recmin.com\/WP\/wp-content\/uploads\/2017\/03\/RecMinPro_verde164x314_ok.png\"><img loading=\"lazy\" decoding=\"async\" class=\"size-medium wp-image-2027 alignleft\" src=\"https:\/\/recmin.com\/WP\/wp-content\/uploads\/2017\/03\/RecMinPro_verde164x314_ok-157x300.png\" alt=\"\" width=\"157\" height=\"300\" srcset=\"https:\/\/recmin.com\/WP\/wp-content\/uploads\/2017\/03\/RecMinPro_verde164x314_ok-157x300.png 157w, https:\/\/recmin.com\/WP\/wp-content\/uploads\/2017\/03\/RecMinPro_verde164x314_ok.png 164w\" sizes=\"auto, (max-width: 157px) 100vw, 157px\" \/><\/a><\/p>\n<p><a href=\"https:\/\/recmin.com\/WP\/?page_id=2005\">RecMin Professional<\/a><\/p>\n<p>Ya puedes descargar el nuevo visor RecMin Pro Viewer\u00a0 desde el enlace siguiente:<\/p>\n<div class='w3eden'><!-- WPDM Link Template: Default Template -->\n\n<div class=\"link-template-default card mb-2\">\n    <div class=\"card-body\">\n        <div class=\"media\">\n            <div class=\"mr-3 img-48\"><img decoding=\"async\" class=\"wpdm_icon\" alt=\"Icono\"   src=\"https:\/\/recmin.com\/WP\/wp-content\/plugins\/download-manager\/assets\/file-type-icons\/down3.png\" \/><\/div>\n            <div class=\"media-body\">\n                <h3 class=\"package-title\"><a href='https:\/\/recmin.com\/WP\/?wpdmpro=recmin-pro-viewer'>RecMin Pro Viewer<\/a><\/h3>\n                <div class=\"text-muted text-small\"><i class=\"fas fa-copy\"><\/i> 1 archivo(s) <i class=\"fas fa-hdd ml-3\"><\/i> 8.08 MB<\/div>\n            <\/div>\n            <div class=\"ml-3\">\n                <a class='wpdm-download-link download-on-click btn btn-primary ' rel='nofollow' href='#' data-downloadurl=\"https:\/\/recmin.com\/WP\/?wpdmpro=recmin-pro-viewer&wpdmdl=2022&refresh=69e7474e873ee1776764750\">Descargar<\/a>\n            <\/div>\n        <\/div>\n    <\/div>\n<\/div>\n\n<\/div>\n<p>Es freeware y compatible con el RecMin \u00a0Draw, aparecer\u00e1 un nuevo icono en el RecMin Draw que te permitir\u00e1 utilizarlo para ver lo que est\u00e9n editando.<\/p>\n<p>Aunque no trae importantes\u00a0ventajas respecto a visores anteriores, si tiene una mejor vista 3D dado que est\u00e1 desarrollado en DirectX 11.<\/p>\n<p>Tambi\u00e9n puede abrir otros tipos de ficheros aparte de los de RecMin Free y RecMin Pro, como son DXF, Raster, Shape, etc.<\/p>\n<p>&nbsp;<\/p>\n","protected":false},"excerpt":{"rendered":"<p>RecMin Professional Ya puedes descargar el nuevo visor RecMin Pro Viewer\u00a0 desde el enlace siguiente: Es freeware y compatible con el RecMin \u00a0Draw, aparecer\u00e1 un nuevo icono en el RecMin Draw que te permitir\u00e1 utilizarlo para ver lo que est\u00e9n <a class=\"more-link\" href=\"https:\/\/recmin.com\/WP\/?page_id=2023\">Read More &#8230;<\/a><\/p>\n","protected":false},"author":1,"featured_media":1939,"parent":0,"menu_order":0,"comment_status":"open","ping_status":"closed","template":"","meta":{"_bbp_topic_count":0,"_bbp_reply_count":0,"_bbp_total_topic_count":0,"_bbp_total_reply_count":0,"_bbp_voice_count":0,"_bbp_anonymous_reply_count":0,"_bbp_topic_count_hidden":0,"_bbp_reply_count_hidden":0,"_bbp_forum_subforum_count":0,"footnotes":""},"class_list":["post-2023","page","type-page","status-publish","has-post-thumbnail","hentry"],"jetpack_sharing_enabled":true,"_links":{"self":[{"href":"https:\/\/recmin.com\/WP\/index.php?rest_route=\/wp\/v2\/pages\/2023","targetHints":{"allow":["GET"]}}],"collection":[{"href":"https:\/\/recmin.com\/WP\/index.php?rest_route=\/wp\/v2\/pages"}],"about":[{"href":"https:\/\/recmin.com\/WP\/index.php?rest_route=\/wp\/v2\/types\/page"}],"author":[{"embeddable":true,"href":"https:\/\/recmin.com\/WP\/index.php?rest_route=\/wp\/v2\/users\/1"}],"replies":[{"embeddable":true,"href":"https:\/\/recmin.com\/WP\/index.php?rest_route=%2Fwp%2Fv2%2Fcomments&post=2023"}],"version-history":[{"count":5,"href":"https:\/\/recmin.com\/WP\/index.php?rest_route=\/wp\/v2\/pages\/2023\/revisions"}],"predecessor-version":[{"id":2255,"href":"https:\/\/recmin.com\/WP\/index.php?rest_route=\/wp\/v2\/pages\/2023\/revisions\/2255"}],"wp:featuredmedia":[{"embeddable":true,"href":"https:\/\/recmin.com\/WP\/index.php?rest_route=\/wp\/v2\/media\/1939"}],"wp:attachment":[{"href":"https:\/\/recmin.com\/WP\/index.php?rest_route=%2Fwp%2Fv2%2Fmedia&parent=2023"}],"curies":[{"name":"wp","href":"https:\/\/api.w.org\/{rel}","templated":true}]}}