{"id":2005,"date":"2017-03-07T22:47:08","date_gmt":"2017-03-07T22:47:08","guid":{"rendered":"http:\/\/recmin.com\/WP\/?page_id=2005"},"modified":"2019-01-30T22:48:41","modified_gmt":"2019-01-30T22:48:41","slug":"recmin-professional","status":"publish","type":"page","link":"https:\/\/recmin.com\/WP\/?page_id=2005","title":{"rendered":"RecMin Professional"},"content":{"rendered":"<p><strong><a href=\"https:\/\/recmin.com\/WP\/wp-content\/uploads\/2017\/01\/naranja.png\"><img loading=\"lazy\" decoding=\"async\" class=\"size-medium wp-image-1929 alignleft\" src=\"https:\/\/recmin.com\/WP\/wp-content\/uploads\/2017\/01\/naranja-300x196.png\" alt=\"\" width=\"300\" height=\"196\" srcset=\"https:\/\/recmin.com\/WP\/wp-content\/uploads\/2017\/01\/naranja-300x196.png 300w, https:\/\/recmin.com\/WP\/wp-content\/uploads\/2017\/01\/naranja.png 355w\" sizes=\"auto, (max-width: 300px) 100vw, 300px\" \/><\/a>RecMin Pro<\/strong> es un conjunto de m\u00f3dulos similares a los del RecMin Free pero desarrollados desde un punto de vista nuevo en cuanto a su estructura y funcionamiento.<\/p>\n<p>Las principales caracter\u00edsticas del RecMin Pro ser\u00e1n:<\/p>\n<ul>\n<li>Aparte de las bases de datos de Access podr\u00e1n trabajar con bases de datos PostgreSQL, MySQL y XML, tanto a nivel local como en servidor.<\/li>\n<li>Ademas de las librer\u00edas propias, incorporar\u00e1 librer\u00edas OpenSource relacionadas con los temas del programa, nubes de puntos, modelos 3D, interpolaciones, etc.<\/li>\n<li>El m\u00f3dulo RecMin Pro Draw es un Sistema de Informaci\u00f3n Geogr\u00e1fica 3D puro, trabajar\u00e1 con informaci\u00f3n georeferenciada pudiendo incorporar ficheros raster o vectoriales georeferenciados y la edici\u00f3n ser\u00e1 siempre en 3D.<\/li>\n<li>Tanto los m\u00f3dulos RecMin Pro como los RecMin Free son compatibles en su gran mayor\u00eda, compartiendo ficheros RMRX, que es el nuevo formato de ficheros por defecto para el programa.<\/li>\n<li>Para mejorar la compatibilidad entre los dos RecMin se incorporar\u00e1 al RecMin Free opciones que permitan trabajar tambi\u00e9n con las bases de datos\u00a0PostgreSQL, MySQL y XML.<\/li>\n<li>Se podr\u00e1 programar en lenguaje de programaci\u00f3n interpretado, aunque esta opci\u00f3n se incorporar\u00e1 m\u00e1s adelante.<\/li>\n<li>Los cuatro m\u00f3dulos se actualizan autom\u00e1ticamente a medida que se publican las nuevas versiones.<\/li>\n<\/ul>\n<p>Los cuatro m\u00f3dulos nuevos son tambi\u00e9n freeware, igual que los m\u00f3dulo de RecMin Free, \u00fanicamente las opciones avanzadas el m\u00f3dulo RecMin Pro Draw son de pago para lo que es necesario obtener una licencia de uso.<\/p>\n<p>Ya se puede descargar RecMin Professional:<\/p>\n<div id=\"attachment_2242\" style=\"width: 65px\" class=\"wp-caption alignleft\"><a href=\"https:\/\/recmin.com\/WP\/?page_id=2210\"><img loading=\"lazy\" decoding=\"async\" aria-describedby=\"caption-attachment-2242\" class=\"wp-image-2242 size-full\" src=\"https:\/\/recmin.com\/WP\/wp-content\/uploads\/2017\/10\/RecMinPro_azul_55x55_ok1.png\" alt=\"\" width=\"55\" height=\"55\" \/><\/a><p id=\"caption-attachment-2242\" class=\"wp-caption-text\">Edit<\/p><\/div>\n<div id=\"attachment_2039\" style=\"width: 65px\" class=\"wp-caption alignleft\"><a href=\"https:\/\/recmin.com\/WP\/?page_id=2023\"><img loading=\"lazy\" decoding=\"async\" aria-describedby=\"caption-attachment-2039\" class=\"wp-image-2039 size-full\" src=\"https:\/\/recmin.com\/WP\/wp-content\/uploads\/2017\/03\/RecMinPro_verde55x55_ok.png\" alt=\"\" width=\"55\" height=\"55\" \/><\/a><p id=\"caption-attachment-2039\" class=\"wp-caption-text\">Viewer<\/p><\/div>\n<div id=\"attachment_2011\" style=\"width: 65px\" class=\"wp-caption alignleft\"><a href=\"https:\/\/recmin.com\/WP\/?page_id=2208\"><img loading=\"lazy\" decoding=\"async\" aria-describedby=\"caption-attachment-2011\" class=\"wp-image-2011 size-full\" src=\"https:\/\/recmin.com\/WP\/wp-content\/uploads\/2017\/03\/RecMinPro_rojo_55x55_ok.png\" alt=\"\" width=\"55\" height=\"55\" \/><\/a><p id=\"caption-attachment-2011\" class=\"wp-caption-text\">Projects<\/p><\/div>\n<div id=\"attachment_1711\" style=\"width: 65px\" class=\"wp-caption alignleft\"><a href=\"https:\/\/recmin.com\/WP\/?page_id=2214\"><img loading=\"lazy\" decoding=\"async\" aria-describedby=\"caption-attachment-1711\" class=\"wp-image-1711 size-full\" src=\"https:\/\/recmin.com\/WP\/wp-content\/uploads\/2017\/01\/M_55.png\" alt=\"\" width=\"55\" height=\"55\" \/><\/a><p id=\"caption-attachment-1711\" class=\"wp-caption-text\">Draw<\/p><\/div>\n","protected":false},"excerpt":{"rendered":"<p>RecMin Pro es un conjunto de m\u00f3dulos similares a los del RecMin Free pero desarrollados desde un punto de vista nuevo en cuanto a su estructura y funcionamiento. Las principales caracter\u00edsticas del RecMin Pro ser\u00e1n: Aparte de las bases de <a class=\"more-link\" href=\"https:\/\/recmin.com\/WP\/?page_id=2005\">Read More &#8230;<\/a><\/p>\n","protected":false},"author":1,"featured_media":1929,"parent":0,"menu_order":0,"comment_status":"open","ping_status":"closed","template":"","meta":{"_bbp_topic_count":0,"_bbp_reply_count":0,"_bbp_total_topic_count":0,"_bbp_total_reply_count":0,"_bbp_voice_count":0,"_bbp_anonymous_reply_count":0,"_bbp_topic_count_hidden":0,"_bbp_reply_count_hidden":0,"_bbp_forum_subforum_count":0,"footnotes":""},"class_list":["post-2005","page","type-page","status-publish","has-post-thumbnail","hentry"],"jetpack_sharing_enabled":true,"_links":{"self":[{"href":"https:\/\/recmin.com\/WP\/index.php?rest_route=\/wp\/v2\/pages\/2005","targetHints":{"allow":["GET"]}}],"collection":[{"href":"https:\/\/recmin.com\/WP\/index.php?rest_route=\/wp\/v2\/pages"}],"about":[{"href":"https:\/\/recmin.com\/WP\/index.php?rest_route=\/wp\/v2\/types\/page"}],"author":[{"embeddable":true,"href":"https:\/\/recmin.com\/WP\/index.php?rest_route=\/wp\/v2\/users\/1"}],"replies":[{"embeddable":true,"href":"https:\/\/recmin.com\/WP\/index.php?rest_route=%2Fwp%2Fv2%2Fcomments&post=2005"}],"version-history":[{"count":9,"href":"https:\/\/recmin.com\/WP\/index.php?rest_route=\/wp\/v2\/pages\/2005\/revisions"}],"predecessor-version":[{"id":2500,"href":"https:\/\/recmin.com\/WP\/index.php?rest_route=\/wp\/v2\/pages\/2005\/revisions\/2500"}],"wp:featuredmedia":[{"embeddable":true,"href":"https:\/\/recmin.com\/WP\/index.php?rest_route=\/wp\/v2\/media\/1929"}],"wp:attachment":[{"href":"https:\/\/recmin.com\/WP\/index.php?rest_route=%2Fwp%2Fv2%2Fmedia&parent=2005"}],"curies":[{"name":"wp","href":"https:\/\/api.w.org\/{rel}","templated":true}]}}