{"id":1347,"date":"2016-09-16T22:09:32","date_gmt":"2016-09-16T22:09:32","guid":{"rendered":"http:\/\/recmin.com\/WP\/?page_id=1347"},"modified":"2016-09-16T22:13:41","modified_gmt":"2016-09-16T22:13:41","slug":"recmin-gc","status":"publish","type":"page","link":"https:\/\/recmin.com\/WP\/?page_id=1347","title":{"rendered":"RecMin GC"},"content":{"rendered":"<p>Esta\u00a0aplicaci\u00f3n\u00a0sustituye a la existente <a href=\"https:\/\/recmin.com\/WP\/wp-content\/uploads\/2016\/09\/Screenshot_2016-09-16-23-48-50.jpg\" rel=\"attachment wp-att-1345\"><img loading=\"lazy\" decoding=\"async\" class=\" wp-image-1345 alignleft\" src=\"https:\/\/recmin.com\/WP\/wp-content\/uploads\/2016\/09\/Screenshot_2016-09-16-23-48-50-169x300.jpg\" alt=\"screenshot_2016-09-16-23-48-50\" width=\"135\" height=\"240\" srcset=\"https:\/\/recmin.com\/WP\/wp-content\/uploads\/2016\/09\/Screenshot_2016-09-16-23-48-50-169x300.jpg 169w, https:\/\/recmin.com\/WP\/wp-content\/uploads\/2016\/09\/Screenshot_2016-09-16-23-48-50-600x1067.jpg 600w, https:\/\/recmin.com\/WP\/wp-content\/uploads\/2016\/09\/Screenshot_2016-09-16-23-48-50-768x1365.jpg 768w, https:\/\/recmin.com\/WP\/wp-content\/uploads\/2016\/09\/Screenshot_2016-09-16-23-48-50-576x1024.jpg 576w, https:\/\/recmin.com\/WP\/wp-content\/uploads\/2016\/09\/Screenshot_2016-09-16-23-48-50.jpg 1080w\" sizes=\"auto, (max-width: 135px) 100vw, 135px\" \/><\/a>para PDAs y que se utilizaba para introducir\u00a0informaci\u00f3n\u00a0geol\u00f3gica de los sondeos de control de leyes. Est\u00e1 dise\u00f1ada para tablets y smartphones Android.<\/p>\n<p>El objetivo es poder\u00a0meter en el campo el nombre corto de la litolog\u00eda de una forma\u00a0f\u00e1cil\u00a0y r\u00e1pida para luego introducirla en la base de datos de sondeos y poder utilizar esa\u00a0informaci\u00f3n\u00a0para filtrar zonas de\u00a0interpolaci\u00f3n en el proceso de control de leyes.<\/p>\n<p>Tambi\u00e9n es aplicable a descripci\u00f3n r\u00e1pida de sondeos o intervalos muestreados.<\/p>\n<p><strong>Caracter\u00edsticas:<\/strong><\/p>\n<p>Se puede guardar un tama\u00f1o de muestra por defecto.<\/p>\n<p>Enviar la informaci\u00f3n\u00a0por Email<\/p>\n<p>Introducir el nombre del sondeo manualmente o mediante lector de c\u00f3digos de barra o QR.<\/p>\n<p>Importar las leyendas litol\u00f3gicas a partir de un fichero CSV con separador \u201c;\u201d con el formato siguiente:<\/p>\n<address>nombre1;GR<\/address>\n<address>nombre1;LIT<\/address>\n<address>\u2026<\/address>\n<address>nombre2;ESK<\/address>\n<address>nombre2;SKD<\/address>\n<address>\u2026<\/address>\n<address>nombre3;CAL<\/address>\n<address>nombre3;DOL<\/address>\n<address>\u2026<\/address>\n<p>Para importarlo la\u00a0aplicaci\u00f3n\u00a0buscara en la carpeta de descargas, por lo que se puede enviar \u00a0a la tablet o smartphone como fichero adjunto a un email y al abrir el email\u00a0guard\u00e1ndolo para que est\u00e9 disponible en la carpeta de descargas.\u00a0Tambi\u00e9n\u00a0puede ser\u00a0mediante la\u00a0opci\u00f3n\u00a0de compartir y utilizar otros medios como bluetooth, etc.<\/p>\n","protected":false},"excerpt":{"rendered":"<p>Esta\u00a0aplicaci\u00f3n\u00a0sustituye a la existente para PDAs y que se utilizaba para introducir\u00a0informaci\u00f3n\u00a0geol\u00f3gica de los sondeos de control de leyes. Est\u00e1 dise\u00f1ada para tablets y smartphones Android. El objetivo es poder\u00a0meter en el campo el nombre corto de la litolog\u00eda de <a class=\"more-link\" href=\"https:\/\/recmin.com\/WP\/?page_id=1347\">Read More &#8230;<\/a><\/p>\n","protected":false},"author":1,"featured_media":0,"parent":0,"menu_order":0,"comment_status":"closed","ping_status":"closed","template":"","meta":{"_bbp_topic_count":0,"_bbp_reply_count":0,"_bbp_total_topic_count":0,"_bbp_total_reply_count":0,"_bbp_voice_count":0,"_bbp_anonymous_reply_count":0,"_bbp_topic_count_hidden":0,"_bbp_reply_count_hidden":0,"_bbp_forum_subforum_count":0,"footnotes":""},"class_list":["post-1347","page","type-page","status-publish","hentry"],"jetpack_sharing_enabled":true,"_links":{"self":[{"href":"https:\/\/recmin.com\/WP\/index.php?rest_route=\/wp\/v2\/pages\/1347","targetHints":{"allow":["GET"]}}],"collection":[{"href":"https:\/\/recmin.com\/WP\/index.php?rest_route=\/wp\/v2\/pages"}],"about":[{"href":"https:\/\/recmin.com\/WP\/index.php?rest_route=\/wp\/v2\/types\/page"}],"author":[{"embeddable":true,"href":"https:\/\/recmin.com\/WP\/index.php?rest_route=\/wp\/v2\/users\/1"}],"replies":[{"embeddable":true,"href":"https:\/\/recmin.com\/WP\/index.php?rest_route=%2Fwp%2Fv2%2Fcomments&post=1347"}],"version-history":[{"count":4,"href":"https:\/\/recmin.com\/WP\/index.php?rest_route=\/wp\/v2\/pages\/1347\/revisions"}],"predecessor-version":[{"id":1352,"href":"https:\/\/recmin.com\/WP\/index.php?rest_route=\/wp\/v2\/pages\/1347\/revisions\/1352"}],"wp:attachment":[{"href":"https:\/\/recmin.com\/WP\/index.php?rest_route=%2Fwp%2Fv2%2Fmedia&parent=1347"}],"curies":[{"name":"wp","href":"https:\/\/api.w.org\/{rel}","templated":true}]}}