{"id":1294,"date":"2016-05-20T21:22:17","date_gmt":"2016-05-20T21:22:17","guid":{"rendered":"http:\/\/recmin.com\/WP\/?page_id=1294"},"modified":"2023-02-28T09:48:04","modified_gmt":"2023-02-28T09:48:04","slug":"cursos","status":"publish","type":"page","link":"https:\/\/recmin.com\/WP\/?page_id=1294","title":{"rendered":"Cursos"},"content":{"rendered":"<p>La gran difusi\u00f3n que ha tenido el programa freeware RecMin en los \u00faltimos a\u00f1os ha propiciado que se est\u00e9n dando cursos de formaci\u00f3n presenciales y online en muchos paises.<\/p>\n<p>Se ha establecido un sistema oficial de acreditaciones para la formaci\u00f3n en el uso y manejo del programa RecMin. Este sistema de acreditaciones ser\u00eda opcional, pero tiene una serie de ventajas que puede interesar a \u00a0aquellas empresas, academias, universidades o instructores que est\u00e1n dando cursos de formaci\u00f3n o que quieran darlos.<\/p>\n<p>Tambi\u00e9n existe un listado de <a href=\"https:\/\/recmin.com\/WP\/?page_id=1643\">instructores autorizados<\/a> con los que puedes contactar.<\/p>\n<p>Si estas interesado pueden pedirnos informaci\u00f3n en el email de contacto <a href=\"&#109;&#97;&#x69;&#x6c;&#116;&#111;&#x3a;&#x69;&#110;&#102;&#x6f;&#x40;&#114;&#101;&#x63;&#x6d;&#105;&#110;&#x2e;&#x63;&#111;&#109;\">&#105;n&#102;o&#64;r&#x65;c&#x6d;i&#x6e;&#46;&#x63;o&#x6d;<\/a><\/p>\n<ul>\n<li><a href=\"https:\/\/recmin.com\/WP\/?page_id=3913\">Cursos presenciales.<\/a><\/li>\n<li><a href=\"https:\/\/recmin.com\/WP\/?page_id=1290\">Cursos online.<\/a><\/li>\n<\/ul>\n","protected":false},"excerpt":{"rendered":"<p>La gran difusi\u00f3n que ha tenido el programa freeware RecMin en los \u00faltimos a\u00f1os ha propiciado que se est\u00e9n dando cursos de formaci\u00f3n presenciales y online en muchos paises. Se ha establecido un sistema oficial de acreditaciones para la formaci\u00f3n <a class=\"more-link\" href=\"https:\/\/recmin.com\/WP\/?page_id=1294\">Read More &#8230;<\/a><\/p>\n","protected":false},"author":1,"featured_media":0,"parent":0,"menu_order":0,"comment_status":"closed","ping_status":"closed","template":"","meta":{"_bbp_topic_count":0,"_bbp_reply_count":0,"_bbp_total_topic_count":0,"_bbp_total_reply_count":0,"_bbp_voice_count":0,"_bbp_anonymous_reply_count":0,"_bbp_topic_count_hidden":0,"_bbp_reply_count_hidden":0,"_bbp_forum_subforum_count":0,"footnotes":""},"class_list":["post-1294","page","type-page","status-publish","hentry"],"jetpack_sharing_enabled":true,"_links":{"self":[{"href":"https:\/\/recmin.com\/WP\/index.php?rest_route=\/wp\/v2\/pages\/1294","targetHints":{"allow":["GET"]}}],"collection":[{"href":"https:\/\/recmin.com\/WP\/index.php?rest_route=\/wp\/v2\/pages"}],"about":[{"href":"https:\/\/recmin.com\/WP\/index.php?rest_route=\/wp\/v2\/types\/page"}],"author":[{"embeddable":true,"href":"https:\/\/recmin.com\/WP\/index.php?rest_route=\/wp\/v2\/users\/1"}],"replies":[{"embeddable":true,"href":"https:\/\/recmin.com\/WP\/index.php?rest_route=%2Fwp%2Fv2%2Fcomments&post=1294"}],"version-history":[{"count":9,"href":"https:\/\/recmin.com\/WP\/index.php?rest_route=\/wp\/v2\/pages\/1294\/revisions"}],"predecessor-version":[{"id":3916,"href":"https:\/\/recmin.com\/WP\/index.php?rest_route=\/wp\/v2\/pages\/1294\/revisions\/3916"}],"wp:attachment":[{"href":"https:\/\/recmin.com\/WP\/index.php?rest_route=%2Fwp%2Fv2%2Fmedia&parent=1294"}],"curies":[{"name":"wp","href":"https:\/\/api.w.org\/{rel}","templated":true}]}}