{"id":1290,"date":"2016-05-20T21:16:10","date_gmt":"2016-05-20T21:16:10","guid":{"rendered":"http:\/\/recmin.com\/WP\/?page_id=1290"},"modified":"2016-05-20T21:26:25","modified_gmt":"2016-05-20T21:26:25","slug":"cursos-online-2","status":"publish","type":"page","link":"https:\/\/recmin.com\/WP\/?page_id=1290","title":{"rendered":"Cursos online"},"content":{"rendered":"<p><span style=\"color: #000000;\">El 15 de octubre del 2014 se lanzo la plataforma online <\/span><a style=\"color: #000000;\" href=\"https:\/\/mailtrack.io\/trace\/link\/902fbca5553657a839e05969328535ca956cbeaa?url=http%3A%2F%2Fwww.cursoonlinerecmin.com%2F1&amp;signature=aaca8d06358c207f\" target=\"_blank\" data-saferedirecturl=\"https:\/\/www.google.com\/url?hl=es&amp;q=https:\/\/mailtrack.io\/trace\/link\/902fbca5553657a839e05969328535ca956cbeaa?url%3Dhttp%253A%252F%252Fwww.cursoonlinerecmin.com%252F1%26signature%3Daaca8d06358c207f&amp;source=gmail&amp;ust=1463865001708000&amp;usg=AFQjCNEsY1hRjc5itJ90M6gqcKAyqMUZIw\"><strong>www.CursoOnlineRecMin.com<\/strong><\/a><strong style=\"color: #000000;\">\u00a0<\/strong><span style=\"color: #000000;\">par<\/span><wbr \/><span style=\"color: #000000;\">a todos aquellos profesionales de Geolog\u00eda o Minas y Afines, con una gran aceptaci\u00f3n que super\u00f3 con creces las previsiones iniciales.<\/span><\/p>\n<div>\n<p><span style=\"color: #000000;\">Hasta la fecha se han matriculado cientos de<strong>\u00a0profesionales<\/strong>\u00a0de Geolog\u00eda y Minas de pa\u00edses como: M\u00e9xico, Chile, Per\u00fa, Colombia, Venezuela, Espa\u00f1a, Guatemala, Ecuador, Rep\u00fablica Dominicana, Argentina, Bolivia, Uruguay\u00a0y tambi\u00e9n algunos profesionales de lengua portuguesa como de Brasil, Portugal y Rep. Democr\u00e1tica del Congo.\u00a0<\/span><\/p>\n<p><span style=\"font-family: Georgia, 'Bitstream Charter', serif; color: #000000;\">Se\u00a0matriculan\u00a0profesionales desde nivel estudiante hasta profesionales nivel Senior, profesionales de Empresas importantes en operaciones mineras y de de Investigaci\u00f3n como Minera los Animes de Colombia,Microminerales Colombia, Minera las Camelias Per\u00fa, Minera Domosa S.V de M\u00e9xico,\u00a0Southern\u00a0Copper Chile, YCRT Argentina, CEYGES Espa\u00f1a, MAGNESITAS Navarra, por mencionar algunas y tambi\u00e9n profesionales\u00a0independientes dedicados a la consultor\u00eda de varios pa\u00edses<\/span><\/p>\n<div>\n<p><span style=\"color: #000000;\">Tambi\u00e9n se apuntaron\u00a0<strong>estudiantes\u00a0<\/strong>, de manera individual y en grupos\u00a0de 3 y 7 estudiantes, para acceder a descuentos y tarifas de estudiantes\u00a0de Universidades como: Universidad Polit\u00e9cnica de Madrid-Espa\u00f1a, Universidad de Vigo-Espa\u00f1a, Universidad Nacional de Moquegua-Per\u00fa. Universidad Nacional del Altiplano, Puno-Peru, Universidad T\u00e9cnica Particular de Loja-Ecuador, Universidad Nacional de Loja UNL-Ecuador, Universidad Privada del Norte, Cajamarca, Per\u00fa, Universidad Central de Quito-Ecuador, Universidad de San Carlos, Guatemala, Universidad tecnol\u00f3gica de Hermosillo, M\u00e9xico, Universidad Santiago de Chile, CHILE, Universidad de Huelva, Espa\u00f1a, Universidad Nacional de Colombia, etc.<\/span><\/p>\n<p><span style=\"color: #000000;\">El profesional es libre de elegir la modalidad de aprendizaje en caso est\u00e9 interesado en Ahondar de manera profesional en el uso de RecMin optimizando tiempo de aprendizaje por un significativo pago. El <span class=\"il\">curso<\/span> virtual es a cargo de relator Ing. de Minas peruano Yhonny Ruiz a trav\u00e9s de la plataforma <a style=\"color: #000000;\" href=\"http:\/\/www.cursoonlinerecmin.com\/\" target=\"_blank\" data-saferedirecturl=\"https:\/\/www.google.com\/url?hl=es&amp;q=http:\/\/www.CursoOnlineRecMin.com&amp;source=gmail&amp;ust=1463865001708000&amp;usg=AFQjCNGYxh23Xo7dfWXkSl6hdN1-1ZS3Qg\">www.CursoOnlineRecMin.com<\/a><\/span><\/p>\n<p><span style=\"color: #000000;\">Tambi\u00e9n ofrece de vez en cuando <span class=\"il\">cursos<\/span> virtuales gratuitos cortos v\u00eda <span class=\"il\">online<\/span>, aqu\u00ed en la web pod\u00e9is encontrar informaci\u00f3n o el enlace.<\/span><\/p>\n<p><span style=\"color: #000000;\">Al final del aprendizaje v\u00eda <span class=\"il\">online<\/span> se expide un certificado previa evaluaci\u00f3n que le cataloga como conocedor y experto en utilizar el RecMin, cuyo certificado tiene un c\u00f3digo del tipo RM000X que puede ser validado en la direcci\u00f3n: <a style=\"color: #000000;\" href=\"http:\/\/www.cursoonlinerecmin.com\/certificaci%C3%B3n\" target=\"_blank\" data-saferedirecturl=\"https:\/\/www.google.com\/url?hl=es&amp;q=http:\/\/www.cursoonlinerecmin.com\/certificaci%25C3%25B3n&amp;source=gmail&amp;ust=1463865001708000&amp;usg=AFQjCNE_v6D27BCNGA6zLP5XZDAk1GqFIA\">www.CursoOnlineRecMin.com\/<wbr \/>certificaci\u00f3n<\/a> donde se mostrar\u00e1n la fotograf\u00eda y datos del profesional certificado para fines laborales.<\/span><\/p>\n<\/div>\n<\/div>\n","protected":false},"excerpt":{"rendered":"<p>El 15 de octubre del 2014 se lanzo la plataforma online www.CursoOnlineRecMin.com\u00a0para todos aquellos profesionales de Geolog\u00eda o Minas y Afines, con una gran aceptaci\u00f3n que super\u00f3 con creces las previsiones iniciales. Hasta la fecha se han matriculado cientos de\u00a0profesionales\u00a0de <a class=\"more-link\" href=\"https:\/\/recmin.com\/WP\/?page_id=1290\">Read More &#8230;<\/a><\/p>\n","protected":false},"author":1,"featured_media":0,"parent":0,"menu_order":0,"comment_status":"closed","ping_status":"closed","template":"","meta":{"_bbp_topic_count":0,"_bbp_reply_count":0,"_bbp_total_topic_count":0,"_bbp_total_reply_count":0,"_bbp_voice_count":0,"_bbp_anonymous_reply_count":0,"_bbp_topic_count_hidden":0,"_bbp_reply_count_hidden":0,"_bbp_forum_subforum_count":0,"footnotes":""},"class_list":["post-1290","page","type-page","status-publish","hentry"],"jetpack_sharing_enabled":true,"_links":{"self":[{"href":"https:\/\/recmin.com\/WP\/index.php?rest_route=\/wp\/v2\/pages\/1290","targetHints":{"allow":["GET"]}}],"collection":[{"href":"https:\/\/recmin.com\/WP\/index.php?rest_route=\/wp\/v2\/pages"}],"about":[{"href":"https:\/\/recmin.com\/WP\/index.php?rest_route=\/wp\/v2\/types\/page"}],"author":[{"embeddable":true,"href":"https:\/\/recmin.com\/WP\/index.php?rest_route=\/wp\/v2\/users\/1"}],"replies":[{"embeddable":true,"href":"https:\/\/recmin.com\/WP\/index.php?rest_route=%2Fwp%2Fv2%2Fcomments&post=1290"}],"version-history":[{"count":6,"href":"https:\/\/recmin.com\/WP\/index.php?rest_route=\/wp\/v2\/pages\/1290\/revisions"}],"predecessor-version":[{"id":3920,"href":"https:\/\/recmin.com\/WP\/index.php?rest_route=\/wp\/v2\/pages\/1290\/revisions\/3920"}],"wp:attachment":[{"href":"https:\/\/recmin.com\/WP\/index.php?rest_route=%2Fwp%2Fv2%2Fmedia&parent=1290"}],"curies":[{"name":"wp","href":"https:\/\/api.w.org\/{rel}","templated":true}]}}