{"id":127,"date":"2012-03-23T22:41:26","date_gmt":"2012-03-23T22:41:26","guid":{"rendered":"http:\/\/recmin.com\/WP\/?page_id=127"},"modified":"2018-09-06T09:39:44","modified_gmt":"2018-09-06T09:39:44","slug":"actualizaciones","status":"publish","type":"page","link":"https:\/\/recmin.com\/WP\/?page_id=127","title":{"rendered":"Actualizaciones m\u00f3dulos"},"content":{"rendered":"<p>El programa RecMin consta de cinco m\u00f3dulos independientes, cada uno de ellos se actualiza\u00a0simplemente\u00a0<span style=\"line-height: 24px;\">descargando y<\/span>\u00a0reemplazando los ficheros ejecutables (.exe) en la carpeta de\u00a0instalaci\u00f3n\u00a0(normalmente C:\/Archivos de programas\/RecMin\/), sobreescribiendo los anteriores.<\/p>\n<p>Para actualizar los m\u00f3dulos a las \u00faltimas versiones o para descargar las \u00faltimas betas seguir los pasos que se detallan en <a href=\"https:\/\/recmin.com\/WP\/?p=2381\">este enlace&#8230;<\/a><\/p>\n<p>&nbsp;<\/p>\n","protected":false},"excerpt":{"rendered":"<p>El programa RecMin consta de cinco m\u00f3dulos independientes, cada uno de ellos se actualiza\u00a0simplemente\u00a0descargando y\u00a0reemplazando los ficheros ejecutables (.exe) en la carpeta de\u00a0instalaci\u00f3n\u00a0(normalmente C:\/Archivos de programas\/RecMin\/), sobreescribiendo los anteriores. Para actualizar los m\u00f3dulos a las \u00faltimas versiones o para descargar <a class=\"more-link\" href=\"https:\/\/recmin.com\/WP\/?page_id=127\">Read More &#8230;<\/a><\/p>\n","protected":false},"author":1,"featured_media":0,"parent":0,"menu_order":0,"comment_status":"open","ping_status":"open","template":"","meta":{"_bbp_topic_count":0,"_bbp_reply_count":0,"_bbp_total_topic_count":0,"_bbp_total_reply_count":0,"_bbp_voice_count":0,"_bbp_anonymous_reply_count":0,"_bbp_topic_count_hidden":0,"_bbp_reply_count_hidden":0,"_bbp_forum_subforum_count":0,"footnotes":""},"class_list":["post-127","page","type-page","status-publish","hentry"],"jetpack_sharing_enabled":true,"_links":{"self":[{"href":"https:\/\/recmin.com\/WP\/index.php?rest_route=\/wp\/v2\/pages\/127","targetHints":{"allow":["GET"]}}],"collection":[{"href":"https:\/\/recmin.com\/WP\/index.php?rest_route=\/wp\/v2\/pages"}],"about":[{"href":"https:\/\/recmin.com\/WP\/index.php?rest_route=\/wp\/v2\/types\/page"}],"author":[{"embeddable":true,"href":"https:\/\/recmin.com\/WP\/index.php?rest_route=\/wp\/v2\/users\/1"}],"replies":[{"embeddable":true,"href":"https:\/\/recmin.com\/WP\/index.php?rest_route=%2Fwp%2Fv2%2Fcomments&post=127"}],"version-history":[{"count":32,"href":"https:\/\/recmin.com\/WP\/index.php?rest_route=\/wp\/v2\/pages\/127\/revisions"}],"predecessor-version":[{"id":2415,"href":"https:\/\/recmin.com\/WP\/index.php?rest_route=\/wp\/v2\/pages\/127\/revisions\/2415"}],"wp:attachment":[{"href":"https:\/\/recmin.com\/WP\/index.php?rest_route=%2Fwp%2Fv2%2Fmedia&parent=127"}],"curies":[{"name":"wp","href":"https:\/\/api.w.org\/{rel}","templated":true}]}}